{"id":13887,"date":"2025-05-08T05:32:08","date_gmt":"2025-05-08T03:32:08","guid":{"rendered":"https:\/\/www.atelierdevino.com\/?post_type=product&#038;p=13887"},"modified":"2025-06-14T18:17:22","modified_gmt":"2025-06-14T16:17:22","slug":"vino-rioja-karimina-2016-2","status":"publish","type":"product","link":"https:\/\/www.atelierdevino.com\/en\/product\/vino-rioja-karimina-2016-2\/","title":{"rendered":"Rioja wine \"Karimina 2016\""},"content":{"rendered":"<p class=\"p1\">Smooth entry, full in the mouth, elegant and balanced, with a long finish.<\/p>\n<ul>\n<li class=\"p1\"><strong>Visual Phase:<\/strong> Bright, garnet hue, with intense depth of color.<\/li>\n<li class=\"p1 translation-block\"><strong>Olfactory Phase:<\/strong>\nClean, with a pronounced aroma.\nForest fruits, morello cherry, pomegranate, a touch of chocolate and licorice, with hints of pepper and cinnamon.<\/li>\n<li class=\"p1 translation-block\"><strong>Tasting Phase:<\/strong> \nDry, full-bodied, with soft yet highly expressive tannins.\nThe sweetness of the stewed fruit contrasts with a background of bitter almond.<\/li>\n<\/ul>\n<p><strong>TASTING NOTE<\/strong><\/p>\n<p>\"The presence of red fruit, along with a sustained and carefully managed aging process, ultimately comes together in aromas reminiscent of wild berries, spices, and a hint of roasted notes. On the palate, with nearly all elements now harmoniously integrated, the fruit reappears showing its best side\u2014flavorful, intense, and with a long, lingering finish. A wonderful red to enjoy now, or to cellar if desired.\"<\/p>\n<p><em>JUAN FERN\u00c1NDEZ-CUESTA<\/em><\/p>","protected":false},"excerpt":{"rendered":"<p class=\"p1\"><strong>Here I am! I'm finally here!<\/strong><\/p>\n<p class=\"p1\">My name is <strong>Karimina.<\/strong>I'm striking, cheerful, and very interesting. I come from the Rioja region. I'm part of a limited edition of 1,948 bottles of old-vine Tempranillo and Garnacha. I evoke aromas of wild strawberries and spices with a hint of roasted coffee. They say I'm pleasant and fruity on the palate. I'm energetic and bring the sobriety of someone who's mature and long-standing. I know for a fact that you won't leave me indifferent.<\/p>\n<p class=\"p1\">Karimina 2016, the second collection from Atelier de Disfrutones de Vino, is a <strong>limited edition of 1,948 bottles<\/strong> of Rioja Crianza from old Tempranillo vineyards with softness, fruit, and hints of Garnacha, ready to drink and with age.<\/p>\n<p class=\"p1\">Smooth entry, full in the mouth, elegant and balanced, with a long finish.<\/p>\n<ul>\n<li class=\"p1\"><strong>Visual Phase:<\/strong> Bright, garnet hue, with intense depth of color.<\/li>\n<li class=\"p1 translation-block\"><strong>Olfactory Phase:<\/strong>\nClean, with a pronounced aroma.\nForest fruits, morello cherry, pomegranate, a touch of chocolate and licorice, with hints of pepper and cinnamon.<\/li>\n<li class=\"p1 translation-block\"><strong>Tasting Phase:<\/strong> \nDry, full-bodied, with soft yet highly expressive tannins.\nThe sweetness of the stewed fruit contrasts with a background of bitter almond.<\/li>\n<\/ul>\n<p>&nbsp;<\/p>\n<p><strong>TASTING NOTE<\/strong><\/p>\n<p>\"The presence of red fruit, along with a sustained and carefully managed aging process, ultimately comes together in aromas reminiscent of wild berries, spices, and a hint of roasted notes. On the palate, with nearly all elements now harmoniously integrated, the fruit reappears showing its best side\u2014flavorful, intense, and with a long, lingering finish. A wonderful red to enjoy now, or to cellar if desired.\"<\/p>\n<p><em>JUAN FERN\u00c1NDEZ-CUESTA<\/em><\/p>","protected":false},"featured_media":13894,"template":"","meta":{"_acf_changed":false},"product_brand":[602],"product_cat":[471],"product_tag":[],"class_list":{"0":"post-13887","1":"product","2":"type-product","3":"status-publish","4":"has-post-thumbnail","6":"product_brand-atelier-de-vino","7":"product_cat-red-rioja","9":"first","10":"instock","11":"taxable","12":"shipping-taxable","13":"purchasable","14":"product-type-variable","15":"has-default-attributes"},"acf":[],"yoast_head":"<!-- This site is optimized with the Yoast SEO plugin v25.0 - https:\/\/yoast.com\/wordpress\/plugins\/seo\/ -->\n<title>Vino rioja \u201cKarimina 2016\u201d - Atelier de Vino<\/title>\n<meta name=\"robots\" content=\"index, follow, max-snippet:-1, max-image-preview:large, max-video-preview:-1\" \/>\n<link rel=\"canonical\" href=\"https:\/\/www.atelierdevino.com\/en\/product\/vino-rioja-karimina-2016-2\/\" \/>\n<meta property=\"og:locale\" content=\"en_GB\" \/>\n<meta property=\"og:type\" content=\"article\" \/>\n<meta property=\"og:title\" content=\"Vino rioja \u201cKarimina 2016\u201d - Atelier de Vino\" \/>\n<meta property=\"og:description\" content=\"\u00a1Aqu\u00ed estoy! \u00a1Por fin llegu\u00e9! Mi nombre es Karimina. Me presento ante todos, soy llamativa, alegre y muy interesante, vengo de tierras riojanas, formo parte de una edici\u00f3n limitada de 1.948 botellas de vi\u00f1edos viejos tempranillo y garnacha, evoco aromas de frutillas del bosque y especias con un toque torrefacto. Dicen que soy agradable y frutal en boca, soy en\u00e9rgica y aporto la sobriedad de alguien maduro y de largo recorrido. Se positivamente que no vas a quedar indiferente. Karimina 2016, segunda colecci\u00f3n de Atelier de Disfrutones de Vino, una edici\u00f3n limitada de 1.948 botellas de Rioja crianza de vi\u00f1edos viejos de tempranillo con aportaciones de suavidad, fruta y notas espaciadas de garnacha, a punto para beberse y con recorrido de guarda. Entrada suave, lleno en boca, elegante y equilibrado, con un final largo    Fase Visual: claro, granate, de capa intensa.  Fase Olfativa: limpio, de pronunciado aroma. Frutos del bosque, guinda, granada, toque a chocolate y regaliz con notas de pimienta y canela.  Fase Gustativa: seco, con cuerpo y taninos suaves de gran expresividad. La dulzura de la fruta acompotada contrasta con fondo de almendra amarga.  &nbsp;  NOTA DE CATA  \u201cLa evidencia de la fruta roja junto a una crianza sostenida, cuidada y que acaba por confluir con unos aromas que te recuerdan a frutillos del bosque, especias y un toque torrefacto. En boca, ya casi todos sus elementos ensamblados, se encuentra de nuevo esa fruta que ahora muestra su mejor cara y vive sabrosa, intensa y con un recorrido muy largo. Un tinto maravilloso para beber ya, e incluso para guardar si es menester\u201d.  JUAN FERN\u00c1NDEZ-CUESTA\" \/>\n<meta property=\"og:url\" content=\"https:\/\/www.atelierdevino.com\/en\/product\/vino-rioja-karimina-2016-2\/\" \/>\n<meta property=\"og:site_name\" content=\"Atelier de Vino\" \/>\n<meta property=\"article:modified_time\" content=\"2025-06-14T16:17:22+00:00\" \/>\n<meta property=\"og:image\" content=\"https:\/\/www.atelierdevino.com\/wp-content\/uploads\/2025\/05\/karimina1.webp\" \/>\n\t<meta property=\"og:image:width\" content=\"1500\" \/>\n\t<meta property=\"og:image:height\" content=\"1500\" \/>\n\t<meta property=\"og:image:type\" content=\"image\/webp\" \/>\n<meta name=\"twitter:card\" content=\"summary_large_image\" \/>\n<meta name=\"twitter:label1\" content=\"Estimated reading time\" \/>\n\t<meta name=\"twitter:data1\" content=\"1 minute\" \/>\n<script type=\"application\/ld+json\" class=\"yoast-schema-graph\">{\"@context\":\"https:\/\/schema.org\",\"@graph\":[{\"@type\":\"WebPage\",\"@id\":\"https:\/\/www.atelierdevino.com\/producto\/vino-rioja-karimina-2016-2\/\",\"url\":\"https:\/\/www.atelierdevino.com\/producto\/vino-rioja-karimina-2016-2\/\",\"name\":\"Vino rioja \u201cKarimina 2016\u201d - Atelier de Vino\",\"isPartOf\":{\"@id\":\"https:\/\/www.atelierdevino.com\/#website\"},\"primaryImageOfPage\":{\"@id\":\"https:\/\/www.atelierdevino.com\/producto\/vino-rioja-karimina-2016-2\/#primaryimage\"},\"image\":{\"@id\":\"https:\/\/www.atelierdevino.com\/producto\/vino-rioja-karimina-2016-2\/#primaryimage\"},\"thumbnailUrl\":\"https:\/\/www.atelierdevino.com\/wp-content\/uploads\/2025\/05\/karimina1.webp\",\"datePublished\":\"2025-05-08T03:32:08+00:00\",\"dateModified\":\"2025-06-14T16:17:22+00:00\",\"breadcrumb\":{\"@id\":\"https:\/\/www.atelierdevino.com\/producto\/vino-rioja-karimina-2016-2\/#breadcrumb\"},\"inLanguage\":\"en-GB\",\"potentialAction\":[{\"@type\":\"ReadAction\",\"target\":[\"https:\/\/www.atelierdevino.com\/producto\/vino-rioja-karimina-2016-2\/\"]}]},{\"@type\":\"ImageObject\",\"inLanguage\":\"en-GB\",\"@id\":\"https:\/\/www.atelierdevino.com\/producto\/vino-rioja-karimina-2016-2\/#primaryimage\",\"url\":\"https:\/\/www.atelierdevino.com\/wp-content\/uploads\/2025\/05\/karimina1.webp\",\"contentUrl\":\"https:\/\/www.atelierdevino.com\/wp-content\/uploads\/2025\/05\/karimina1.webp\",\"width\":1500,\"height\":1500},{\"@type\":\"BreadcrumbList\",\"@id\":\"https:\/\/www.atelierdevino.com\/producto\/vino-rioja-karimina-2016-2\/#breadcrumb\",\"itemListElement\":[{\"@type\":\"ListItem\",\"position\":1,\"name\":\"Portada\",\"item\":\"https:\/\/www.atelierdevino.com\/\"},{\"@type\":\"ListItem\",\"position\":2,\"name\":\"Nuestro vino\",\"item\":\"https:\/\/www.atelierdevino.com\/nuestro-vino\/\"},{\"@type\":\"ListItem\",\"position\":3,\"name\":\"Vino rioja \u201cKarimina 2016\u201d\"}]},{\"@type\":\"WebSite\",\"@id\":\"https:\/\/www.atelierdevino.com\/#website\",\"url\":\"https:\/\/www.atelierdevino.com\/\",\"name\":\"Atelier de Vino\",\"description\":\"Vinos de Autor | Personalizaci\u00f3n de Vinos | Bodega Boutique\",\"publisher\":{\"@id\":\"https:\/\/www.atelierdevino.com\/#organization\"},\"potentialAction\":[{\"@type\":\"SearchAction\",\"target\":{\"@type\":\"EntryPoint\",\"urlTemplate\":\"https:\/\/www.atelierdevino.com\/?s={search_term_string}\"},\"query-input\":{\"@type\":\"PropertyValueSpecification\",\"valueRequired\":true,\"valueName\":\"search_term_string\"}}],\"inLanguage\":\"en-GB\"},{\"@type\":\"Organization\",\"@id\":\"https:\/\/www.atelierdevino.com\/#organization\",\"name\":\"Atelier de Vino\",\"url\":\"https:\/\/www.atelierdevino.com\/\",\"logo\":{\"@type\":\"ImageObject\",\"inLanguage\":\"en-GB\",\"@id\":\"https:\/\/www.atelierdevino.com\/#\/schema\/logo\/image\/\",\"url\":\"https:\/\/www.atelierdevino.com\/wp-content\/uploads\/2018\/10\/logo-big.png\",\"contentUrl\":\"https:\/\/www.atelierdevino.com\/wp-content\/uploads\/2018\/10\/logo-big.png\",\"width\":268,\"height\":342,\"caption\":\"Atelier de Vino\"},\"image\":{\"@id\":\"https:\/\/www.atelierdevino.com\/#\/schema\/logo\/image\/\"}}]}<\/script>\n<!-- \/ Yoast SEO plugin. -->","yoast_head_json":{"title":"Vino rioja \u201cKarimina 2016\u201d - Atelier de Vino","robots":{"index":"index","follow":"follow","max-snippet":"max-snippet:-1","max-image-preview":"max-image-preview:large","max-video-preview":"max-video-preview:-1"},"canonical":"https:\/\/www.atelierdevino.com\/en\/product\/vino-rioja-karimina-2016-2\/","og_locale":"en_GB","og_type":"article","og_title":"Vino rioja \u201cKarimina 2016\u201d - Atelier de Vino","og_description":"\u00a1Aqu\u00ed estoy! \u00a1Por fin llegu\u00e9! Mi nombre es Karimina. Me presento ante todos, soy llamativa, alegre y muy interesante, vengo de tierras riojanas, formo parte de una edici\u00f3n limitada de 1.948 botellas de vi\u00f1edos viejos tempranillo y garnacha, evoco aromas de frutillas del bosque y especias con un toque torrefacto. Dicen que soy agradable y frutal en boca, soy en\u00e9rgica y aporto la sobriedad de alguien maduro y de largo recorrido. Se positivamente que no vas a quedar indiferente. Karimina 2016, segunda colecci\u00f3n de Atelier de Disfrutones de Vino, una edici\u00f3n limitada de 1.948 botellas de Rioja crianza de vi\u00f1edos viejos de tempranillo con aportaciones de suavidad, fruta y notas espaciadas de garnacha, a punto para beberse y con recorrido de guarda. Entrada suave, lleno en boca, elegante y equilibrado, con un final largo    Fase Visual: claro, granate, de capa intensa.  Fase Olfativa: limpio, de pronunciado aroma. Frutos del bosque, guinda, granada, toque a chocolate y regaliz con notas de pimienta y canela.  Fase Gustativa: seco, con cuerpo y taninos suaves de gran expresividad. La dulzura de la fruta acompotada contrasta con fondo de almendra amarga.  &nbsp;  NOTA DE CATA  \u201cLa evidencia de la fruta roja junto a una crianza sostenida, cuidada y que acaba por confluir con unos aromas que te recuerdan a frutillos del bosque, especias y un toque torrefacto. En boca, ya casi todos sus elementos ensamblados, se encuentra de nuevo esa fruta que ahora muestra su mejor cara y vive sabrosa, intensa y con un recorrido muy largo. Un tinto maravilloso para beber ya, e incluso para guardar si es menester\u201d.  JUAN FERN\u00c1NDEZ-CUESTA","og_url":"https:\/\/www.atelierdevino.com\/en\/product\/vino-rioja-karimina-2016-2\/","og_site_name":"Atelier de Vino","article_modified_time":"2025-06-14T16:17:22+00:00","og_image":[{"width":1500,"height":1500,"url":"https:\/\/www.atelierdevino.com\/wp-content\/uploads\/2025\/05\/karimina1.webp","type":"image\/webp"}],"twitter_card":"summary_large_image","twitter_misc":{"Estimated reading time":"1 minute"},"schema":{"@context":"https:\/\/schema.org","@graph":[{"@type":"WebPage","@id":"https:\/\/www.atelierdevino.com\/producto\/vino-rioja-karimina-2016-2\/","url":"https:\/\/www.atelierdevino.com\/producto\/vino-rioja-karimina-2016-2\/","name":"Vino rioja \u201cKarimina 2016\u201d - Atelier de Vino","isPartOf":{"@id":"https:\/\/www.atelierdevino.com\/#website"},"primaryImageOfPage":{"@id":"https:\/\/www.atelierdevino.com\/producto\/vino-rioja-karimina-2016-2\/#primaryimage"},"image":{"@id":"https:\/\/www.atelierdevino.com\/producto\/vino-rioja-karimina-2016-2\/#primaryimage"},"thumbnailUrl":"https:\/\/www.atelierdevino.com\/wp-content\/uploads\/2025\/05\/karimina1.webp","datePublished":"2025-05-08T03:32:08+00:00","dateModified":"2025-06-14T16:17:22+00:00","breadcrumb":{"@id":"https:\/\/www.atelierdevino.com\/producto\/vino-rioja-karimina-2016-2\/#breadcrumb"},"inLanguage":"en-GB","potentialAction":[{"@type":"ReadAction","target":["https:\/\/www.atelierdevino.com\/producto\/vino-rioja-karimina-2016-2\/"]}]},{"@type":"ImageObject","inLanguage":"en-GB","@id":"https:\/\/www.atelierdevino.com\/producto\/vino-rioja-karimina-2016-2\/#primaryimage","url":"https:\/\/www.atelierdevino.com\/wp-content\/uploads\/2025\/05\/karimina1.webp","contentUrl":"https:\/\/www.atelierdevino.com\/wp-content\/uploads\/2025\/05\/karimina1.webp","width":1500,"height":1500},{"@type":"BreadcrumbList","@id":"https:\/\/www.atelierdevino.com\/producto\/vino-rioja-karimina-2016-2\/#breadcrumb","itemListElement":[{"@type":"ListItem","position":1,"name":"Portada","item":"https:\/\/www.atelierdevino.com\/"},{"@type":"ListItem","position":2,"name":"Nuestro vino","item":"https:\/\/www.atelierdevino.com\/nuestro-vino\/"},{"@type":"ListItem","position":3,"name":"Vino rioja \u201cKarimina 2016\u201d"}]},{"@type":"WebSite","@id":"https:\/\/www.atelierdevino.com\/#website","url":"https:\/\/www.atelierdevino.com\/","name":"Atelier de Vino","description":"Vinos de Autor | Personalizaci\u00f3n de Vinos | Bodega Boutique","publisher":{"@id":"https:\/\/www.atelierdevino.com\/#organization"},"potentialAction":[{"@type":"SearchAction","target":{"@type":"EntryPoint","urlTemplate":"https:\/\/www.atelierdevino.com\/?s={search_term_string}"},"query-input":{"@type":"PropertyValueSpecification","valueRequired":true,"valueName":"search_term_string"}}],"inLanguage":"en-GB"},{"@type":"Organization","@id":"https:\/\/www.atelierdevino.com\/#organization","name":"Atelier de Vino","url":"https:\/\/www.atelierdevino.com\/","logo":{"@type":"ImageObject","inLanguage":"en-GB","@id":"https:\/\/www.atelierdevino.com\/#\/schema\/logo\/image\/","url":"https:\/\/www.atelierdevino.com\/wp-content\/uploads\/2018\/10\/logo-big.png","contentUrl":"https:\/\/www.atelierdevino.com\/wp-content\/uploads\/2018\/10\/logo-big.png","width":268,"height":342,"caption":"Atelier de Vino"},"image":{"@id":"https:\/\/www.atelierdevino.com\/#\/schema\/logo\/image\/"}}]}},"_links":{"self":[{"href":"https:\/\/www.atelierdevino.com\/en\/wp-json\/wp\/v2\/product\/13887","targetHints":{"allow":["GET"]}}],"collection":[{"href":"https:\/\/www.atelierdevino.com\/en\/wp-json\/wp\/v2\/product"}],"about":[{"href":"https:\/\/www.atelierdevino.com\/en\/wp-json\/wp\/v2\/types\/product"}],"wp:featuredmedia":[{"embeddable":true,"href":"https:\/\/www.atelierdevino.com\/en\/wp-json\/wp\/v2\/media\/13894"}],"wp:attachment":[{"href":"https:\/\/www.atelierdevino.com\/en\/wp-json\/wp\/v2\/media?parent=13887"}],"wp:term":[{"taxonomy":"product_brand","embeddable":true,"href":"https:\/\/www.atelierdevino.com\/en\/wp-json\/wp\/v2\/product_brand?post=13887"},{"taxonomy":"product_cat","embeddable":true,"href":"https:\/\/www.atelierdevino.com\/en\/wp-json\/wp\/v2\/product_cat?post=13887"},{"taxonomy":"product_tag","embeddable":true,"href":"https:\/\/www.atelierdevino.com\/en\/wp-json\/wp\/v2\/product_tag?post=13887"}],"curies":[{"name":"wp","href":"https:\/\/api.w.org\/{rel}","templated":true}]}}