{"id":13884,"date":"2025-05-08T05:32:08","date_gmt":"2025-05-08T03:32:08","guid":{"rendered":"https:\/\/www.atelierdevino.com\/?post_type=product&#038;p=13884"},"modified":"2025-06-14T18:15:51","modified_gmt":"2025-06-14T16:15:51","slug":"verdejo-wine-pepa-2023-2","status":"publish","type":"product","link":"https:\/\/www.atelierdevino.com\/en\/product\/verdejo-wine-pepa-2023-2\/","title":{"rendered":"Verdejo wine \"Pepa 2023\""},"content":{"rendered":"<p class=\"p1\">Great aroma, fresh and glyceric on the palate, with length, balance, and a modern profile. It invites slow tasting, allowing one to discover all its nuances.<\/p>\n<ul>\n<li class=\"p1 translation-block\"><strong>Visual Phase:<\/strong>\nStraw yellow color with greenish hues. Medium intensity.<\/li>\n<li class=\"p1\"><strong>Olfactory Phase: <\/strong>De intensidad alta, potente, con un marcado car\u00e1cter de verdejo pero con unas notas diferenciadoras y complejas que le dan al vino las uvas de nuestro vi\u00f1edo. Es un vino muy directo en nariz donde podemos destacar la fruta blanca y de hueso, tonos c\u00edtricos, y marcadas notas especiadas que le confieren al vino una complejidad y exclusividad varietal y un agradable fondo vegetal y anisado.<\/li>\n<li class=\"p1 translation-block\"><strong>Tasting Phase:<\/strong>\nVery fresh on the palate, dry, flavorful, and well-balanced. The retronasal perception reveals fennel, white fruit, and spice. Bitter and herbal notes are also present. Very long and elegant finish.<\/li>\n<\/ul>\n<p><strong>TASTING NOTE<\/strong><\/p>\n<blockquote><p class=\"translation-block\">\u201cTierras de Medina, uva verdejo. Notas de fruta blanca, pera y manzana, por<br>\r\nsupuesto. Frescura en boca, amargor cierto y un toque de dulzura que permite<br>\r\nalcanzar el equilibrio verdadero. Exquisito vino blanco que con sus poderes toca<br>\r\nel cielo\u201d.<\/p><\/blockquote>\n<p><em>Juan Fern\u00e1ndez-Cuesta<\/em><\/p>","protected":false},"excerpt":{"rendered":"<p class=\"p1\"><strong>Here I am! The sixth vintage!<\/strong><\/p>\n<p class=\"p1\">My name is <strong>Pepa<\/strong>. I'm bold, brave, enthusiastic, a wine and life enthusiast, impetuous yet light-hearted, gentle and elegant, kind, friendly, engaging, full of freshness... vital!<\/p>\n<p class=\"p1\">I hope we share unforgettable moments together, laugh, shout with joy, and sip life in short but intense sips.<\/p>\n<p class=\"p1\"><strong>Pepa 2023 <\/strong>is a limited edition of 26,000 bottles, 100% Verdejo with the Rueda Qualified Designation of Origin.<\/p>\n<p class=\"p1\">Great aroma, fresh and glyceric on the palate, with length, balance, and a modern profile. It invites slow tasting, allowing one to discover all its nuances.<\/p>\n<ul>\n<li class=\"p1 translation-block\"><strong>Visual Phase:<\/strong>\nStraw yellow color with greenish hues. Medium intensity.<\/li>\n<li class=\"p1\"><strong>Olfactory Phase: <\/strong>De intensidad alta, potente, con un marcado car\u00e1cter de verdejo pero con unas notas diferenciadoras y complejas que le dan al vino las uvas de nuestro vi\u00f1edo. Es un vino muy directo en nariz donde podemos destacar la fruta blanca y de hueso, tonos c\u00edtricos, y marcadas notas especiadas que le confieren al vino una complejidad y exclusividad varietal y un agradable fondo vegetal y anisado.<\/li>\n<li class=\"p1 translation-block\"><strong>Tasting Phase:<\/strong>\nVery fresh on the palate, dry, flavorful, and well-balanced. The retronasal perception reveals fennel, white fruit, and spice. Bitter and herbal notes are also present. Very long and elegant finish.<\/li>\n<\/ul>\n<p>&nbsp;<\/p>\n<p><strong>TASTING NOTE<\/strong><\/p>\n<blockquote><p class=\"translation-block\">\u201cTierras de Medina, uva verdejo. Notas de fruta blanca, pera y manzana, por<br>\r\nsupuesto. Frescura en boca, amargor cierto y un toque de dulzura que permite<br>\r\nalcanzar el equilibrio verdadero. Exquisito vino blanco que con sus poderes toca<br>\r\nel cielo\u201d.<\/p><\/blockquote>\n<p><em>Juan Fern\u00e1ndez-Cuesta<\/em><\/p>","protected":false},"featured_media":13892,"template":"","meta":{"_acf_changed":false},"product_brand":[602],"product_cat":[585,68],"product_tag":[],"class_list":{"0":"post-13884","1":"product","2":"type-product","3":"status-publish","4":"has-post-thumbnail","6":"product_brand-atelier-de-vino","7":"product_cat-585","8":"product_cat-blanco-rueda","10":"first","11":"instock","12":"taxable","13":"shipping-taxable","14":"purchasable","15":"product-type-variable","16":"has-default-attributes"},"acf":[],"yoast_head":"<!-- This site is optimized with the Yoast SEO plugin v25.0 - https:\/\/yoast.com\/wordpress\/plugins\/seo\/ -->\n<title>Vino verdejo \u201cPepa 2023&quot; - Atelier de Vino<\/title>\n<meta name=\"description\" content=\"Gran aroma, fresco y glic\u00e9rico en boca, con longitud, equilibrado y moderno, invita a degustarlo poco a poco descubriendo todos sus matices.\" \/>\n<meta name=\"robots\" content=\"index, follow, max-snippet:-1, max-image-preview:large, max-video-preview:-1\" \/>\n<link rel=\"canonical\" href=\"https:\/\/www.atelierdevino.com\/en\/product\/verdejo-wine-pepa-2023-2\/\" \/>\n<meta property=\"og:locale\" content=\"en_GB\" \/>\n<meta property=\"og:type\" content=\"article\" \/>\n<meta property=\"og:title\" content=\"Vino verdejo \u201cPepa 2023&quot; - Atelier de Vino\" \/>\n<meta property=\"og:description\" content=\"Gran aroma, fresco y glic\u00e9rico en boca, con longitud, equilibrado y moderno, invita a degustarlo poco a poco descubriendo todos sus matices.\" \/>\n<meta property=\"og:url\" content=\"https:\/\/www.atelierdevino.com\/en\/product\/verdejo-wine-pepa-2023-2\/\" \/>\n<meta property=\"og:site_name\" content=\"Atelier de Vino\" \/>\n<meta property=\"article:modified_time\" content=\"2025-06-14T16:15:51+00:00\" \/>\n<meta property=\"og:image\" content=\"https:\/\/www.atelierdevino.com\/wp-content\/uploads\/2025\/05\/pepa1-1.webp\" \/>\n\t<meta property=\"og:image:width\" content=\"1500\" \/>\n\t<meta property=\"og:image:height\" content=\"1500\" \/>\n\t<meta property=\"og:image:type\" content=\"image\/webp\" \/>\n<meta name=\"twitter:card\" content=\"summary_large_image\" \/>\n<meta name=\"twitter:label1\" content=\"Estimated reading time\" \/>\n\t<meta name=\"twitter:data1\" content=\"1 minute\" \/>\n<script type=\"application\/ld+json\" class=\"yoast-schema-graph\">{\"@context\":\"https:\/\/schema.org\",\"@graph\":[{\"@type\":\"WebPage\",\"@id\":\"https:\/\/www.atelierdevino.com\/producto\/verdejo-wine-pepa-2023-2\/\",\"url\":\"https:\/\/www.atelierdevino.com\/producto\/verdejo-wine-pepa-2023-2\/\",\"name\":\"Vino verdejo \u201cPepa 2023\\\" - Atelier de Vino\",\"isPartOf\":{\"@id\":\"https:\/\/www.atelierdevino.com\/#website\"},\"primaryImageOfPage\":{\"@id\":\"https:\/\/www.atelierdevino.com\/producto\/verdejo-wine-pepa-2023-2\/#primaryimage\"},\"image\":{\"@id\":\"https:\/\/www.atelierdevino.com\/producto\/verdejo-wine-pepa-2023-2\/#primaryimage\"},\"thumbnailUrl\":\"https:\/\/www.atelierdevino.com\/wp-content\/uploads\/2025\/05\/pepa1-1.webp\",\"datePublished\":\"2025-05-08T03:32:08+00:00\",\"dateModified\":\"2025-06-14T16:15:51+00:00\",\"description\":\"Gran aroma, fresco y glic\u00e9rico en boca, con longitud, equilibrado y moderno, invita a degustarlo poco a poco descubriendo todos sus matices.\",\"breadcrumb\":{\"@id\":\"https:\/\/www.atelierdevino.com\/producto\/verdejo-wine-pepa-2023-2\/#breadcrumb\"},\"inLanguage\":\"en-GB\",\"potentialAction\":[{\"@type\":\"ReadAction\",\"target\":[\"https:\/\/www.atelierdevino.com\/producto\/verdejo-wine-pepa-2023-2\/\"]}]},{\"@type\":\"ImageObject\",\"inLanguage\":\"en-GB\",\"@id\":\"https:\/\/www.atelierdevino.com\/producto\/verdejo-wine-pepa-2023-2\/#primaryimage\",\"url\":\"https:\/\/www.atelierdevino.com\/wp-content\/uploads\/2025\/05\/pepa1-1.webp\",\"contentUrl\":\"https:\/\/www.atelierdevino.com\/wp-content\/uploads\/2025\/05\/pepa1-1.webp\",\"width\":1500,\"height\":1500},{\"@type\":\"BreadcrumbList\",\"@id\":\"https:\/\/www.atelierdevino.com\/producto\/verdejo-wine-pepa-2023-2\/#breadcrumb\",\"itemListElement\":[{\"@type\":\"ListItem\",\"position\":1,\"name\":\"Portada\",\"item\":\"https:\/\/www.atelierdevino.com\/\"},{\"@type\":\"ListItem\",\"position\":2,\"name\":\"Nuestro vino\",\"item\":\"https:\/\/www.atelierdevino.com\/nuestro-vino\/\"},{\"@type\":\"ListItem\",\"position\":3,\"name\":\"Vino verdejo \u201cPepa 2023&#8243;\"}]},{\"@type\":\"WebSite\",\"@id\":\"https:\/\/www.atelierdevino.com\/#website\",\"url\":\"https:\/\/www.atelierdevino.com\/\",\"name\":\"Atelier de Vino\",\"description\":\"Vinos de Autor | Personalizaci\u00f3n de Vinos | Bodega Boutique\",\"publisher\":{\"@id\":\"https:\/\/www.atelierdevino.com\/#organization\"},\"potentialAction\":[{\"@type\":\"SearchAction\",\"target\":{\"@type\":\"EntryPoint\",\"urlTemplate\":\"https:\/\/www.atelierdevino.com\/?s={search_term_string}\"},\"query-input\":{\"@type\":\"PropertyValueSpecification\",\"valueRequired\":true,\"valueName\":\"search_term_string\"}}],\"inLanguage\":\"en-GB\"},{\"@type\":\"Organization\",\"@id\":\"https:\/\/www.atelierdevino.com\/#organization\",\"name\":\"Atelier de Vino\",\"url\":\"https:\/\/www.atelierdevino.com\/\",\"logo\":{\"@type\":\"ImageObject\",\"inLanguage\":\"en-GB\",\"@id\":\"https:\/\/www.atelierdevino.com\/#\/schema\/logo\/image\/\",\"url\":\"https:\/\/www.atelierdevino.com\/wp-content\/uploads\/2018\/10\/logo-big.png\",\"contentUrl\":\"https:\/\/www.atelierdevino.com\/wp-content\/uploads\/2018\/10\/logo-big.png\",\"width\":268,\"height\":342,\"caption\":\"Atelier de Vino\"},\"image\":{\"@id\":\"https:\/\/www.atelierdevino.com\/#\/schema\/logo\/image\/\"}}]}<\/script>\n<!-- \/ Yoast SEO plugin. -->","yoast_head_json":{"title":"Vino verdejo \u201cPepa 2023\" - Atelier de Vino","description":"Gran aroma, fresco y glic\u00e9rico en boca, con longitud, equilibrado y moderno, invita a degustarlo poco a poco descubriendo todos sus matices.","robots":{"index":"index","follow":"follow","max-snippet":"max-snippet:-1","max-image-preview":"max-image-preview:large","max-video-preview":"max-video-preview:-1"},"canonical":"https:\/\/www.atelierdevino.com\/en\/product\/verdejo-wine-pepa-2023-2\/","og_locale":"en_GB","og_type":"article","og_title":"Vino verdejo \u201cPepa 2023\" - Atelier de Vino","og_description":"Gran aroma, fresco y glic\u00e9rico en boca, con longitud, equilibrado y moderno, invita a degustarlo poco a poco descubriendo todos sus matices.","og_url":"https:\/\/www.atelierdevino.com\/en\/product\/verdejo-wine-pepa-2023-2\/","og_site_name":"Atelier de Vino","article_modified_time":"2025-06-14T16:15:51+00:00","og_image":[{"width":1500,"height":1500,"url":"https:\/\/www.atelierdevino.com\/wp-content\/uploads\/2025\/05\/pepa1-1.webp","type":"image\/webp"}],"twitter_card":"summary_large_image","twitter_misc":{"Estimated reading time":"1 minute"},"schema":{"@context":"https:\/\/schema.org","@graph":[{"@type":"WebPage","@id":"https:\/\/www.atelierdevino.com\/producto\/verdejo-wine-pepa-2023-2\/","url":"https:\/\/www.atelierdevino.com\/producto\/verdejo-wine-pepa-2023-2\/","name":"Vino verdejo \u201cPepa 2023\" - Atelier de Vino","isPartOf":{"@id":"https:\/\/www.atelierdevino.com\/#website"},"primaryImageOfPage":{"@id":"https:\/\/www.atelierdevino.com\/producto\/verdejo-wine-pepa-2023-2\/#primaryimage"},"image":{"@id":"https:\/\/www.atelierdevino.com\/producto\/verdejo-wine-pepa-2023-2\/#primaryimage"},"thumbnailUrl":"https:\/\/www.atelierdevino.com\/wp-content\/uploads\/2025\/05\/pepa1-1.webp","datePublished":"2025-05-08T03:32:08+00:00","dateModified":"2025-06-14T16:15:51+00:00","description":"Gran aroma, fresco y glic\u00e9rico en boca, con longitud, equilibrado y moderno, invita a degustarlo poco a poco descubriendo todos sus matices.","breadcrumb":{"@id":"https:\/\/www.atelierdevino.com\/producto\/verdejo-wine-pepa-2023-2\/#breadcrumb"},"inLanguage":"en-GB","potentialAction":[{"@type":"ReadAction","target":["https:\/\/www.atelierdevino.com\/producto\/verdejo-wine-pepa-2023-2\/"]}]},{"@type":"ImageObject","inLanguage":"en-GB","@id":"https:\/\/www.atelierdevino.com\/producto\/verdejo-wine-pepa-2023-2\/#primaryimage","url":"https:\/\/www.atelierdevino.com\/wp-content\/uploads\/2025\/05\/pepa1-1.webp","contentUrl":"https:\/\/www.atelierdevino.com\/wp-content\/uploads\/2025\/05\/pepa1-1.webp","width":1500,"height":1500},{"@type":"BreadcrumbList","@id":"https:\/\/www.atelierdevino.com\/producto\/verdejo-wine-pepa-2023-2\/#breadcrumb","itemListElement":[{"@type":"ListItem","position":1,"name":"Portada","item":"https:\/\/www.atelierdevino.com\/"},{"@type":"ListItem","position":2,"name":"Nuestro vino","item":"https:\/\/www.atelierdevino.com\/nuestro-vino\/"},{"@type":"ListItem","position":3,"name":"Vino verdejo \u201cPepa 2023&#8243;"}]},{"@type":"WebSite","@id":"https:\/\/www.atelierdevino.com\/#website","url":"https:\/\/www.atelierdevino.com\/","name":"Atelier de Vino","description":"Vinos de Autor | Personalizaci\u00f3n de Vinos | Bodega Boutique","publisher":{"@id":"https:\/\/www.atelierdevino.com\/#organization"},"potentialAction":[{"@type":"SearchAction","target":{"@type":"EntryPoint","urlTemplate":"https:\/\/www.atelierdevino.com\/?s={search_term_string}"},"query-input":{"@type":"PropertyValueSpecification","valueRequired":true,"valueName":"search_term_string"}}],"inLanguage":"en-GB"},{"@type":"Organization","@id":"https:\/\/www.atelierdevino.com\/#organization","name":"Atelier de Vino","url":"https:\/\/www.atelierdevino.com\/","logo":{"@type":"ImageObject","inLanguage":"en-GB","@id":"https:\/\/www.atelierdevino.com\/#\/schema\/logo\/image\/","url":"https:\/\/www.atelierdevino.com\/wp-content\/uploads\/2018\/10\/logo-big.png","contentUrl":"https:\/\/www.atelierdevino.com\/wp-content\/uploads\/2018\/10\/logo-big.png","width":268,"height":342,"caption":"Atelier de Vino"},"image":{"@id":"https:\/\/www.atelierdevino.com\/#\/schema\/logo\/image\/"}}]}},"_links":{"self":[{"href":"https:\/\/www.atelierdevino.com\/en\/wp-json\/wp\/v2\/product\/13884","targetHints":{"allow":["GET"]}}],"collection":[{"href":"https:\/\/www.atelierdevino.com\/en\/wp-json\/wp\/v2\/product"}],"about":[{"href":"https:\/\/www.atelierdevino.com\/en\/wp-json\/wp\/v2\/types\/product"}],"wp:featuredmedia":[{"embeddable":true,"href":"https:\/\/www.atelierdevino.com\/en\/wp-json\/wp\/v2\/media\/13892"}],"wp:attachment":[{"href":"https:\/\/www.atelierdevino.com\/en\/wp-json\/wp\/v2\/media?parent=13884"}],"wp:term":[{"taxonomy":"product_brand","embeddable":true,"href":"https:\/\/www.atelierdevino.com\/en\/wp-json\/wp\/v2\/product_brand?post=13884"},{"taxonomy":"product_cat","embeddable":true,"href":"https:\/\/www.atelierdevino.com\/en\/wp-json\/wp\/v2\/product_cat?post=13884"},{"taxonomy":"product_tag","embeddable":true,"href":"https:\/\/www.atelierdevino.com\/en\/wp-json\/wp\/v2\/product_tag?post=13884"}],"curies":[{"name":"wp","href":"https:\/\/api.w.org\/{rel}","templated":true}]}}