{"id":11074,"date":"2019-02-21T11:18:20","date_gmt":"2019-02-21T10:18:20","guid":{"rendered":"http:\/\/atelier.gonext.works\/?page_id=11074"},"modified":"2025-05-28T16:49:51","modified_gmt":"2025-05-28T14:49:51","slug":"aviso-legal","status":"publish","type":"page","link":"https:\/\/www.atelierdevino.com\/en\/aviso-legal\/","title":{"rendered":"Legal advice"},"content":{"rendered":"<div data-elementor-type=\"wp-page\" data-elementor-id=\"11074\" class=\"elementor elementor-11074\" data-elementor-post-type=\"page\">\n\t\t\t\t<div class=\"elementor-element elementor-element-47a69e3d e-flex e-con-boxed e-con e-parent\" data-id=\"47a69e3d\" data-element_type=\"container\">\n\t\t\t\t\t<div class=\"e-con-inner\">\n\t\t\t\t<div class=\"elementor-element elementor-element-963290e elementor-widget elementor-widget-text-editor\" data-id=\"963290e\" data-element_type=\"widget\" data-widget_type=\"text-editor.default\">\n\t\t\t\t<div class=\"elementor-widget-container\">\n\t\t\t\t\t\t\t\t\tBy using this website, you become a user and imply your full and unreserved acceptance of each and every provision of this Legal Notice. Therefore, if you do not agree with any of the conditions set forth herein, you should not use or access this website.\r\n\r\n<strong>\u00a0<\/strong>\r\n<h3><strong>[1] CONDITIONS OF USE OF THE WEB<\/strong><\/h3>\r\n[1.1] Los visitantes de este web tienen la consideraci\u00f3n de usuarios del mismo, quienes encontrar\u00e1n en \u00e9l informaci\u00f3n relacionada con el tipo de actividad, productos y servicios que realizamos.\r\n\r\n[1.2] La informaci\u00f3n y los materiales incluidos en el web han sido obtenidos de fuentes consideradas como fiables. Sin embargo, a pesar de haber tomado precauciones y medias razonables para asegurar la fiabilidad de la informaci\u00f3n, no se garantiza que \u00e9sta sea exacta, completa, y\/o actualizada. Consecuentemente, declinamos cualquier responsabilidad por la omisi\u00f3n de informaci\u00f3n o por la publicaci\u00f3n de informaci\u00f3n err\u00f3nea aparecida en este web.\r\n\r\n[1.3] La informaci\u00f3n exhibida y\/o facilitada por este web debe tener la consideraci\u00f3n, por parte del usuario, de informaci\u00f3n general, sin que ello signifique que pueda estimarse tal informaci\u00f3n como elemento determinante para la toma de decisiones por parte del usuario del web, por lo que declinamos toda responsabilidad derivada de la falta de verificaci\u00f3n de la misma, y de forma espec\u00edfica ha de entenderse que dicha informaci\u00f3n, sometida a la normativa vigente en Espa\u00f1a, no va destinada a aquellos usuarios que act\u00faen bajo otras jurisdicciones de Estados que exijan el cumplimiento de requisitos distintos para la puesta a disposici\u00f3n, divulgaci\u00f3n o publicidad de servicios relativos a las actividades y\/o servicios publicitados en este web.\r\n\r\n[1.4] Como prestadores de servicios de la sociedad de la informaci\u00f3n, nos reservamos el derecho a actualizar, modificar o eliminar la informaci\u00f3n contenida en este web, pudiendo incluso limitar o no permitir el acceso a dicha informaci\u00f3n, sin previo aviso. Especialmente, queda reservado el derecho a eliminar, limitar o impedir el acceso al web cuando surjan dificultades t\u00e9cnicas por hechos o circunstancias ajenos a nosotros que, a nuestro criterio, disminuyan o anulen los niveles de seguridad est\u00e1ndar adoptados para el adecuado funcionamiento de este web.\r\n\r\n[1.5] Como prestadores, podr\u00edamos en cualquier momento establecer procedimientos t\u00e9cnicos legales para obtener informaci\u00f3n an\u00f3nima acerca de sus visitantes, lo que significar\u00eda, en cualquier caso, que dicha informaci\u00f3n no podr\u00eda ser asociada en modo alguno a un usuario concreto e identificado. Este tipo de procedimientos conservan datos como el nombre de dominio del proveedor que da acceso a la red al usuario, la fecha y hora de acceso a nuestro web, la direcci\u00f3n de Internet desde la que parti\u00f3 el link o enlace que dirige a nuestro web, el n\u00famero de visitantes diarios de cada secci\u00f3n, y datos de naturaleza an\u00e1loga. El fin de los datos e informaci\u00f3n recogida es estad\u00edstico, de tal forma que nos permita adquirir un mayor conocimiento sobre la actividad de los visitantes del web, en aras de mejorar el mismo y\/o aumentar su presencia online.\r\n\r\n[1.6] Los usuarios, en cualquier momento, podr\u00edan desactivar los procedimientos de obtenci\u00f3n de informaci\u00f3n aludidos en el punto expositivo anterior mediante la modificaci\u00f3n de los par\u00e1metros de configuraci\u00f3n de su navegador. No obstante lo anterior, la desactivaci\u00f3n a la que se alude aqu\u00ed no afecta o interfiere en la navegabilidad de los usuarios en nuestro web.\r\n\r\n[1.7] El usuario nos autoriza expresa e inequ\u00edvocamente a obtener y tratar la informaci\u00f3n que se genere como consecuencia de la utilizaci\u00f3n de este web, con la \u00fanica finalidad de ofrecerle una navegaci\u00f3n m\u00e1s personalizada y eficiente.\r\n\r\n<strong>\u00a0<\/strong>\r\n<h3><strong>[2] RESPONSIBILITIES<\/strong><\/h3>\r\n[2.1] Como prestadores, declinamos cualquier responsabilidad respecto a la informaci\u00f3n exhibida en este web, procedente de fuentes ajenas a nosotros, as\u00ed como de los contenidos que no hayamos elaborado.\r\n\r\n[2.2] La funci\u00f3n de los enlaces (links) que aparecen en este web es \u00fanica y exclusivamente la de informar al usuario sobre la existencia de otras fuentes de informaci\u00f3n sobre la materia en Internet, donde podr\u00e1 ampliar los datos ofrecidos en este web. Por tanto, no seremos, en ning\u00fan caso, responsables del resultado obtenido del acceso a dichos enlaces o links.\r\n\r\n[2.3] En ning\u00fan caso, seremos responsables de las p\u00e9rdidas, los da\u00f1os o los perjuicios de cualquier naturaleza que pudieran surgir por el acceso y\/o uso del este web, lo que incluye los producidos en sistemas inform\u00e1ticos o los provocados por virus o actividades il\u00edcitas de piratas inform\u00e1ticos (hackers). Asimismo, tampoco seremos responsables de los da\u00f1os que pudieran sufrir los usuarios por un uso inadecuado de este web y, en modo alguno, de las ca\u00eddas, interrupciones, ausencia o defecto en las telecomunicaciones.\r\n\r\n[2.4] Como prestadores, no nos responsabilizamos en modo alguno de las posibles discrepancias que pudieran surgir entre la versi\u00f3n de sus documentos impresos y la versi\u00f3n electr\u00f3nica de los mismos publicados en sus p\u00e1ginas web u obtenidos electr\u00f3nicamente de este web.\r\n\r\n<strong>\u00a0<\/strong>\r\n<h3><strong>[3] PERSONAL DATA PROTECTION POLICY (PRIVACY)<\/strong><\/h3>\r\n[3.1.] INFORMACI\u00d3N AL USUARIO\r\n\r\nATELIER DISFRUTONES DEL VINO, S.L. es el Responsable del tratamiento de los datos personales del Usuario y le informa que estos datos ser\u00e1n tratados de conformidad con lo dispuesto en el Reglamento (UE) 2016\/679 de 27 de abril de 2016 (RGPD) relativo a la protecci\u00f3n de las personas f\u00edsicas en lo que respecta al tratamiento de datos personales y a la libre circulaci\u00f3n de estos datos, y por la Ley Org\u00e1nica 3\/2018, de 5 de diciembre, de protecci\u00f3n de datos personales y garant\u00eda de los derechos digitales (LOPDGDD), por lo que se le facilita la siguiente informaci\u00f3n del tratamiento:\r\n\r\nFin del tratamiento: mantener una relaci\u00f3n comercial con el Usuario. Las operaciones previstas para realizar el tratamiento son:\r\n<ol>\r\n \t<li>a) Remisi\u00f3n de comunicaciones comerciales publicitarias por email, fax, SMS, MMS, comunidades sociales o cualquier otro medio electr\u00f3nico o f\u00edsico, presente o futuro, que posibilite realizar comunicaciones comerciales. Estas comunicaciones ser\u00e1n realizadas por el responsable del tratamiento y relacionadas sobre sus productos y servicios, o de sus colaboradores o proveedores con los que \u00e9ste haya alcanzado alg\u00fan acuerdo de promoci\u00f3n. En este caso, los terceros nunca tendr\u00e1n acceso a los datos personales.\r\nb) Realizar estudios estad\u00edsticos.\r\nc) Tramitar encargos, solicitudes o cualquier tipo de petici\u00f3n que sea realizada por el usuario a trav\u00e9s de cualquiera de las formas de contacto que se ponen a su disposici\u00f3n.\r\nd) Remitir el bolet\u00edn de noticias de la p\u00e1gina web.<\/li>\r\n<\/ol>\r\nCriterios de conservaci\u00f3n de los datos: se conservar\u00e1n mientras exista un inter\u00e9s mutuo para mantener el fin del tratamiento y cuando ya no sea necesario para tal fin, se suprimir\u00e1n con medidas de seguridad adecuadas para garantizar la seudonimizaci\u00f3n de los datos o la destrucci\u00f3n total de los mismos.\r\n\r\nComunicaci\u00f3n de los datos: No se comunicar\u00e1n los datos a terceros, salvo obligaci\u00f3n legal.\r\n\r\nDerechos que asisten al Usuario:\r\n<ol>\r\n \t<li>Derecho a retirar el consentimiento en cualquier momento.\r\n2. Derecho de acceso, rectificaci\u00f3n, portabilidad y supresi\u00f3n de sus datos y a la limitaci\u00f3n u oposici\u00f3n al su tratamiento.\r\n3. Derecho a presentar una reclamaci\u00f3n ante la autoridad de control (agpd.es), si considera que el tratamiento no se ajusta a la normativa vigente.<\/li>\r\n<\/ol>\r\nDatos de contacto para ejercer sus derechos:\r\n\r\nDirecci\u00f3n postal:\r\n\r\nATELIER DISFRUTONES DEL VINO, S.L.\r\nB88198007\r\nC\/ Ram\u00f3n y Cajal 5, 21\r\nMadrid (28100 Alcobendas)\r\nDirecci\u00f3n electr\u00f3nica: <a href=\"mailto:clientes@atelierdevino.com\">clientes@atelierdevino.com<\/a>\r\n\r\n[3.2.] CAR\u00c1CTER OBLIGATORIO O FACULTATIVO DE LA INFORMACI\u00d3N FACILITADA POR EL USUARIO\r\n\r\nLos Usuarios, mediante la marcaci\u00f3n de las casillas correspondientes y entrada de datos en los campos, marcados con un asterisco (*) en el formulario de contacto o presentados en formularios de descarga, aceptan expresamente y de forma libre e inequ\u00edvoca, que sus datos son necesarios para atender su petici\u00f3n, por parte del prestador, siendo voluntaria la inclusi\u00f3n de datos en los campos restantes. El Usuario garantiza que los datos personales facilitados al responsable del tratamiento son veraces y se hace responsable de comunicar cualquier modificaci\u00f3n de los mismos.\r\n\r\nEl responsable del tratamiento informa y garantiza expresamente a los usuarios que sus datos personales no ser\u00e1n cedidos en ning\u00fan caso a terceros, y que siempre que realizara alg\u00fan tipo de cesi\u00f3n de datos personales, se pedir\u00e1 previamente el consentimiento expreso, informado e inequ\u00edvoco por parte los Usuarios. Todos los datos solicitados a trav\u00e9s del sitio web son obligatorios, ya que son necesarios para la prestaci\u00f3n de un servicio \u00f3ptimo al Usuario. En caso de que no sean facilitados todos los datos, no se garantiza que la informaci\u00f3n y servicios facilitados sean completamente ajustados a sus necesidades.\r\n\r\n[3.3.] MEDIDAS DE SEGURIDAD\r\n\r\nQue, de conformidad con lo dispuesto en las normativas vigentes en protecci\u00f3n de datos personales, el responsable del tratamiento est\u00e1 cumpliendo con todas las disposiciones de las normativas del RGPD y la LOPDGDD para el tratamiento de los datos personales de su responsabilidad, y manifiestamente con los principios descritos en el art\u00edculo 5 del RGPD y del T\u00edtulo II de la LOPDGDD, por los cuales son tratados de manera l\u00edcita, leal y transparente en relaci\u00f3n con el interesado y adecuados, pertinentes y limitados a lo necesario en relaci\u00f3n con los fines para los que son tratados.\r\n\r\nEl responsable del tratamiento garantiza que ha implementado pol\u00edticas t\u00e9cnicas y organizativas apropiadas para aplicar las medidas de seguridad que establecen el RGPD con el fin de proteger los derechos y libertades de los Usuarios y les ha comunicado la informaci\u00f3n adecuada para que puedan ejercerlos.\r\n\r\n<strong>\u00a0<\/strong>\r\n<h3><strong>[4] INDUSTRIAL AND INTELLECTUAL PROPERTY<\/strong><\/h3>\r\n[4.1] La totalidad de este web (textos, im\u00e1genes, marcas, logotipos, archivos de audio, archivos de software, combinaciones de colores, etc.), as\u00ed como la estructura de sus contenidos, se encuentran protegidos por la normativa de Propiedad Intelectual e Industrial, no pudiendo ser objeto de explotaci\u00f3n, reproducci\u00f3n, distribuci\u00f3n, modificaci\u00f3n, comunicaci\u00f3n p\u00fablica, cesi\u00f3n o transformaci\u00f3n o cualquier otra forma de difusi\u00f3n no autorizada expresamente por nosotros, como prestadores y titulares del los derechos intelectuales. Por tanto, el acceso a este web no otorga a los usuarios ning\u00fan derecho ni titularidad alguna sobre los derechos de propiedad intelectual y\/o industrial de los contenidos de este web.\r\n\r\n[4.2] Como titulares de los derechos intelectuales de este web, nos reservamos la posibilidad de ejercer las acciones legales que correspondan contra los usuarios que violen o infrinjan los derechos de propiedad intelectual y\/o industrial.\r\n\r\n<strong>\u00a0<\/strong>\r\n<h3><strong>[5] LINKS POLICY<\/strong><\/h3>\r\nDesde el sitio web, es posible que se redirija a contenidos de terceros sitios web. Dado que como responsables del website no podemos controlar siempre los contenidos introducidos por los terceros en sus respectivos sitios web, no se asume ning\u00fan tipo de responsabilidad respecto a dichos contenidos. En todo caso, proceder\u00e1 a la retirada inmediata de cualquier contenido que pudiera contravenir la legislaci\u00f3n nacional o internacional, la moral o el orden p\u00fablico, procediendo a la retirada inmediata de la redirecci\u00f3n a dicho sitio web, poniendo en conocimiento de las autoridades competentes el contenido en cuesti\u00f3n.\r\n\r\nComo responsables del website, no nos hacemos responsables de la informaci\u00f3n y contenidos almacenados, a t\u00edtulo enunciativo pero no limitativo, en foros, chats, generadores de blogs, comentarios, redes sociales o cualquier otro medio que permita a terceros publicar contenidos de forma independiente en nuestra p\u00e1gina web. Sin embargo, y en cumplimiento de lo dispuesto en los art\u00edculos 11 y 16 de la LSSICE, se pone a disposici\u00f3n de todos los usuarios, autoridades y fuerzas de seguridad, colaborando de forma activa en la retirada o, en su caso, bloqueo de todos aquellos contenidos que puedan afectar o contravenir la legislaci\u00f3n nacional o internacional, los derechos de terceros o la moral y el orden p\u00fablico. En caso de que el usuario considere que existe en el sitio web alg\u00fan contenido que pudiera ser susceptible de esta clasificaci\u00f3n, se ruega lo notifique de forma inmediata al administrador del sitio web.\r\n\r\nEste sitio web ha sido revisado y probado para que funcione correctamente. En principio, puede garantizarse el correcto funcionamiento los 365 d\u00edas del a\u00f1o, 24 horas al d\u00eda. Sin embargo, como responsables del website, no se descarta la posibilidad de que existan ciertos errores de programaci\u00f3n, o que acontezcan causas de fuerza mayor, cat\u00e1strofes naturales, huelgas o circunstancias semejantes que hagan imposible el acceso a la p\u00e1gina web.\r\n\r\n<strong>\u00a0<\/strong>\r\n<h3><strong>[6] IP ADDRESSES<\/strong><\/h3>\r\nThe website servers will automatically detect the IP address and domain name used by the user. An IP address is a number automatically assigned to a computer when it connects to the Internet. All this information is recorded in a duly registered server activity file, which allows for subsequent processing of the data for the purpose of obtaining purely statistical measurements that allow us to determine the number of page impressions, the number of visits made to the web servers, the order of visits, the access point, etc.\r\n\r\n<strong>\u00a0<\/strong>\r\n<h3><strong>[7] APPLICABLE LEGISLATION AND JURISDICTION<\/strong><\/h3>\r\n[7.1] Las presentes condiciones generales se regir\u00e1n por la legislaci\u00f3n espa\u00f1ola aludida anteriormente o por cualquier otra no expl\u00edcitamente indicada pero de aplicaci\u00f3n obligatoria.\r\n\r\n[7.1] El usuario de este web renuncia expresamente al fuero que le corresponda, someti\u00e9ndose a los Juzgados y Tribunales de la Villa de Madrid.\r\n\r\n<strong>\u00a0<\/strong>\r\n<h3><strong>[8] REGISTRY IDENTIFICATION DATA<\/strong><\/h3>\r\n[8.1] Los datos registrales del titular de este web son los siguientes:\r\n\r\nNombre o raz\u00f3n social: ATELIER DISFRUTONES DEL VINO, S.L.\r\nC\u00f3digo de Identificaci\u00f3n Fiscal: B88198007\r\nRegistro Mercantil: Madrid\r\nTomo: 38258; Libro: 0 ; Folio: 12; Secci\u00f3n: 8\u00aa; Hoja: M-680743\r\n\r\n[8.2] El domicilio del titular de este web, a los efectos de comunicaciones y ejercicio de derechos, es el siguiente:\r\n\r\nATELIER DISFRUTONES DEL VINO, S.L.\r\nB88198007\r\nC\/ Ram\u00f3n y Cajal 5, 21\r\nMadrid (28100 Alcobendas)\r\nDirecci\u00f3n electr\u00f3nica: <a href=\"mailto:clientes@atelierdevino.com\">clientes@atelierdevino.com<\/a>\t\t\t\t\t\t\t\t<\/div>\n\t\t\t\t<\/div>\n\t\t\t\t\t<\/div>\n\t\t\t\t<\/div>\n\t\t\t\t<\/div>","protected":false},"excerpt":{"rendered":"<p>La utilizaci\u00f3n de este web le atribuye a usted la condici\u00f3n de usuario e implica su aceptaci\u00f3n plena y sin reservas a todas y cada una de las disposiciones incluidas en este Aviso Legal, por lo que si usted no est\u00e1 de acuerdo con cualquiera de las condiciones aqu\u00ed establecidas, no deber\u00e1 usar\/acceder a este [&hellip;]<\/p>","protected":false},"author":10,"featured_media":0,"parent":0,"menu_order":30,"comment_status":"closed","ping_status":"closed","template":"","meta":{"_acf_changed":false,"footnotes":""},"class_list":["post-11074","page","type-page","status-publish","hentry"],"acf":[],"yoast_head":"<!-- This site is optimized with the Yoast SEO plugin v25.0 - https:\/\/yoast.com\/wordpress\/plugins\/seo\/ -->\n<title>Aviso Legal - Atelier de Vino<\/title>\n<meta name=\"robots\" content=\"index, follow, max-snippet:-1, max-image-preview:large, max-video-preview:-1\" \/>\n<link rel=\"canonical\" href=\"https:\/\/www.atelierdevino.com\/en\/aviso-legal\/\" \/>\n<meta property=\"og:locale\" content=\"en_GB\" \/>\n<meta property=\"og:type\" content=\"article\" \/>\n<meta property=\"og:title\" content=\"Aviso Legal - Atelier de Vino\" \/>\n<meta property=\"og:description\" content=\"La utilizaci\u00f3n de este web le atribuye a usted la condici\u00f3n de usuario e implica su aceptaci\u00f3n plena y sin reservas a todas y cada una de las disposiciones incluidas en este Aviso Legal, por lo que si usted no est\u00e1 de acuerdo con cualquiera de las condiciones aqu\u00ed establecidas, no deber\u00e1 usar\/acceder a este [&hellip;]\" \/>\n<meta property=\"og:url\" content=\"https:\/\/www.atelierdevino.com\/en\/aviso-legal\/\" \/>\n<meta property=\"og:site_name\" content=\"Atelier de Vino\" \/>\n<meta property=\"article:modified_time\" content=\"2025-05-28T14:49:51+00:00\" \/>\n<meta name=\"twitter:card\" content=\"summary_large_image\" \/>\n<meta name=\"twitter:label1\" content=\"Estimated reading time\" \/>\n\t<meta name=\"twitter:data1\" content=\"11 minutes\" \/>\n<script type=\"application\/ld+json\" class=\"yoast-schema-graph\">{\"@context\":\"https:\/\/schema.org\",\"@graph\":[{\"@type\":\"WebPage\",\"@id\":\"https:\/\/www.atelierdevino.com\/aviso-legal\/\",\"url\":\"https:\/\/www.atelierdevino.com\/aviso-legal\/\",\"name\":\"Aviso Legal - Atelier de Vino\",\"isPartOf\":{\"@id\":\"https:\/\/www.atelierdevino.com\/#website\"},\"datePublished\":\"2019-02-21T10:18:20+00:00\",\"dateModified\":\"2025-05-28T14:49:51+00:00\",\"breadcrumb\":{\"@id\":\"https:\/\/www.atelierdevino.com\/aviso-legal\/#breadcrumb\"},\"inLanguage\":\"en-GB\",\"potentialAction\":[{\"@type\":\"ReadAction\",\"target\":[\"https:\/\/www.atelierdevino.com\/aviso-legal\/\"]}]},{\"@type\":\"BreadcrumbList\",\"@id\":\"https:\/\/www.atelierdevino.com\/aviso-legal\/#breadcrumb\",\"itemListElement\":[{\"@type\":\"ListItem\",\"position\":1,\"name\":\"Portada\",\"item\":\"https:\/\/www.atelierdevino.com\/\"},{\"@type\":\"ListItem\",\"position\":2,\"name\":\"Aviso Legal\"}]},{\"@type\":\"WebSite\",\"@id\":\"https:\/\/www.atelierdevino.com\/#website\",\"url\":\"https:\/\/www.atelierdevino.com\/\",\"name\":\"Atelier de Vino\",\"description\":\"Vinos de Autor | Personalizaci\u00f3n de Vinos | Bodega Boutique\",\"publisher\":{\"@id\":\"https:\/\/www.atelierdevino.com\/#organization\"},\"potentialAction\":[{\"@type\":\"SearchAction\",\"target\":{\"@type\":\"EntryPoint\",\"urlTemplate\":\"https:\/\/www.atelierdevino.com\/?s={search_term_string}\"},\"query-input\":{\"@type\":\"PropertyValueSpecification\",\"valueRequired\":true,\"valueName\":\"search_term_string\"}}],\"inLanguage\":\"en-GB\"},{\"@type\":\"Organization\",\"@id\":\"https:\/\/www.atelierdevino.com\/#organization\",\"name\":\"Atelier de Vino\",\"url\":\"https:\/\/www.atelierdevino.com\/\",\"logo\":{\"@type\":\"ImageObject\",\"inLanguage\":\"en-GB\",\"@id\":\"https:\/\/www.atelierdevino.com\/#\/schema\/logo\/image\/\",\"url\":\"https:\/\/www.atelierdevino.com\/wp-content\/uploads\/2018\/10\/logo-big.png\",\"contentUrl\":\"https:\/\/www.atelierdevino.com\/wp-content\/uploads\/2018\/10\/logo-big.png\",\"width\":268,\"height\":342,\"caption\":\"Atelier de Vino\"},\"image\":{\"@id\":\"https:\/\/www.atelierdevino.com\/#\/schema\/logo\/image\/\"}}]}<\/script>\n<!-- \/ Yoast SEO plugin. -->","yoast_head_json":{"title":"Aviso Legal - Atelier de Vino","robots":{"index":"index","follow":"follow","max-snippet":"max-snippet:-1","max-image-preview":"max-image-preview:large","max-video-preview":"max-video-preview:-1"},"canonical":"https:\/\/www.atelierdevino.com\/en\/aviso-legal\/","og_locale":"en_GB","og_type":"article","og_title":"Aviso Legal - Atelier de Vino","og_description":"La utilizaci\u00f3n de este web le atribuye a usted la condici\u00f3n de usuario e implica su aceptaci\u00f3n plena y sin reservas a todas y cada una de las disposiciones incluidas en este Aviso Legal, por lo que si usted no est\u00e1 de acuerdo con cualquiera de las condiciones aqu\u00ed establecidas, no deber\u00e1 usar\/acceder a este [&hellip;]","og_url":"https:\/\/www.atelierdevino.com\/en\/aviso-legal\/","og_site_name":"Atelier de Vino","article_modified_time":"2025-05-28T14:49:51+00:00","twitter_card":"summary_large_image","twitter_misc":{"Estimated reading time":"11 minutes"},"schema":{"@context":"https:\/\/schema.org","@graph":[{"@type":"WebPage","@id":"https:\/\/www.atelierdevino.com\/aviso-legal\/","url":"https:\/\/www.atelierdevino.com\/aviso-legal\/","name":"Aviso Legal - Atelier de Vino","isPartOf":{"@id":"https:\/\/www.atelierdevino.com\/#website"},"datePublished":"2019-02-21T10:18:20+00:00","dateModified":"2025-05-28T14:49:51+00:00","breadcrumb":{"@id":"https:\/\/www.atelierdevino.com\/aviso-legal\/#breadcrumb"},"inLanguage":"en-GB","potentialAction":[{"@type":"ReadAction","target":["https:\/\/www.atelierdevino.com\/aviso-legal\/"]}]},{"@type":"BreadcrumbList","@id":"https:\/\/www.atelierdevino.com\/aviso-legal\/#breadcrumb","itemListElement":[{"@type":"ListItem","position":1,"name":"Portada","item":"https:\/\/www.atelierdevino.com\/"},{"@type":"ListItem","position":2,"name":"Aviso Legal"}]},{"@type":"WebSite","@id":"https:\/\/www.atelierdevino.com\/#website","url":"https:\/\/www.atelierdevino.com\/","name":"Atelier de Vino","description":"Vinos de Autor | Personalizaci\u00f3n de Vinos | Bodega Boutique","publisher":{"@id":"https:\/\/www.atelierdevino.com\/#organization"},"potentialAction":[{"@type":"SearchAction","target":{"@type":"EntryPoint","urlTemplate":"https:\/\/www.atelierdevino.com\/?s={search_term_string}"},"query-input":{"@type":"PropertyValueSpecification","valueRequired":true,"valueName":"search_term_string"}}],"inLanguage":"en-GB"},{"@type":"Organization","@id":"https:\/\/www.atelierdevino.com\/#organization","name":"Atelier de Vino","url":"https:\/\/www.atelierdevino.com\/","logo":{"@type":"ImageObject","inLanguage":"en-GB","@id":"https:\/\/www.atelierdevino.com\/#\/schema\/logo\/image\/","url":"https:\/\/www.atelierdevino.com\/wp-content\/uploads\/2018\/10\/logo-big.png","contentUrl":"https:\/\/www.atelierdevino.com\/wp-content\/uploads\/2018\/10\/logo-big.png","width":268,"height":342,"caption":"Atelier de Vino"},"image":{"@id":"https:\/\/www.atelierdevino.com\/#\/schema\/logo\/image\/"}}]}},"_links":{"self":[{"href":"https:\/\/www.atelierdevino.com\/en\/wp-json\/wp\/v2\/pages\/11074","targetHints":{"allow":["GET"]}}],"collection":[{"href":"https:\/\/www.atelierdevino.com\/en\/wp-json\/wp\/v2\/pages"}],"about":[{"href":"https:\/\/www.atelierdevino.com\/en\/wp-json\/wp\/v2\/types\/page"}],"author":[{"embeddable":true,"href":"https:\/\/www.atelierdevino.com\/en\/wp-json\/wp\/v2\/users\/10"}],"replies":[{"embeddable":true,"href":"https:\/\/www.atelierdevino.com\/en\/wp-json\/wp\/v2\/comments?post=11074"}],"version-history":[{"count":5,"href":"https:\/\/www.atelierdevino.com\/en\/wp-json\/wp\/v2\/pages\/11074\/revisions"}],"predecessor-version":[{"id":14170,"href":"https:\/\/www.atelierdevino.com\/en\/wp-json\/wp\/v2\/pages\/11074\/revisions\/14170"}],"wp:attachment":[{"href":"https:\/\/www.atelierdevino.com\/en\/wp-json\/wp\/v2\/media?parent=11074"}],"curies":[{"name":"wp","href":"https:\/\/api.w.org\/{rel}","templated":true}]}}