{"id":11069,"date":"2019-02-20T17:17:46","date_gmt":"2019-02-20T16:17:46","guid":{"rendered":"http:\/\/atelier.gonext.works\/politica-de-cookies\/"},"modified":"2025-05-28T16:48:21","modified_gmt":"2025-05-28T14:48:21","slug":"politica-de-cookies","status":"publish","type":"page","link":"https:\/\/www.atelierdevino.com\/en\/politica-de-cookies\/","title":{"rendered":"Cookies policy"},"content":{"rendered":"<div data-elementor-type=\"wp-page\" data-elementor-id=\"11069\" class=\"elementor elementor-11069\" data-elementor-post-type=\"page\">\n\t\t\t\t<div class=\"elementor-element elementor-element-6444beb e-flex e-con-boxed e-con e-parent\" data-id=\"6444beb\" data-element_type=\"container\">\n\t\t\t\t\t<div class=\"e-con-inner\">\n\t\t\t\t<div class=\"elementor-element elementor-element-706d21ea elementor-widget elementor-widget-text-editor\" data-id=\"706d21ea\" data-element_type=\"widget\" data-widget_type=\"text-editor.default\">\n\t\t\t\t<div class=\"elementor-widget-container\">\n\t\t\t\t\t\t\t\t\tLa titularidad de este website corresponde a:\r\n\r\nATELIER DISFRUTONES DEL VINO, S.L.\r\nB88198007\r\n\r\nY el domicilio de este titular, a los efectos de comunicaciones y ejercicio de derechos, es el siguiente:\r\n\r\nC\/ Ram\u00f3n y Cajal 5, 21\r\nMadrid (28100 Alcobendas)\r\nTel\u00e9fono: 677079059\r\nEmail: <a href=\"mailto:info@atelierdevino.com\" target=\"_blank\" rel=\"noopener noreferrer\">info@atelierdevino.com<\/a>\r\n\r\nLa utilizaci\u00f3n de este web le atribuye a usted la condici\u00f3n de usuario e implica su aceptaci\u00f3n plena y sin reservas a todo lo relativo al uso de cookies, en los t\u00e9rminos expresados en la vigente Ley 34\/2002, de 11 de julio, de servicios de la sociedad de la informaci\u00f3n y de comercio electr\u00f3nico (LSSI-CE), donde se incluyen las modificaciones introducidas por la correcci\u00f3n de errores publicada en BOE n\u00famero 187, de 6 de agosto de 2002, as\u00ed como las introducidas por el Real Decreto-Ley 13\/2012, de 30 de marzo, por el que se transponen directivas en materia de mercados interiores de electricidad y gas y en materia de comunicaciones electr\u00f3nicas, y por el que se adoptan medidas para la correcci\u00f3n de las desviaciones por desajustes entre los costes e ingresos de los sectores el\u00e9ctrico y gasista (BOE 78, de 31 de marzo de 2012).\r\n\r\nPor tanto, si usted no est\u00e1 de acuerdo con cualquiera de las condiciones y\/o condiciones aqu\u00ed establecidas, no deber\u00e1 usar\/acceder a este website.\r\n<h3><\/h3>\r\n<h3>[1] STATEMENT ON THE USE OF COOKIES<\/h3>\r\nEn este website utilizamos las cookies indicadas a continuaci\u00f3n, con el fin mejorar nuestros servicios y mostrarle publicidad relacionada con sus preferencias, mediante el an\u00e1lisis de sus h\u00e1bitos de navegaci\u00f3n.\r\n\r\nCookies propias.\r\nCookies de terceros.\r\n\r\nCookies de sesi\u00f3n.\r\nCookies persistentes.\r\n\r\nCookies t\u00e9cnicas.\r\nCookies de personalizaci\u00f3n.\r\nCookies de an\u00e1lisis.\r\nCookies publicitarias.\r\nCookies de publicidad comportamental.\r\n\r\nPor tanto, y como le indic\u00e1bamos anteriormente, si continua navegando, consideramos que acepta el uso de estas cookies.\r\n\r\nNo obstante lo anterior, le informamos que usted puede cambiar la configuraci\u00f3n de las cookies, para lo que le facilitamos m\u00e1s adelante la forma de hacerlo (ver secci\u00f3n 4, m\u00e1s adelante, en este mismo documento).\r\n<h3><\/h3>\r\n<h3>[2] BASIC INFORMATION ABOUT COOKIES<\/h3>\r\nA cookie is a file that is downloaded to your computer when you access certain websites. Cookies allow a website, among other things, to store and retrieve information about a user's browsing habits or their device. Depending on the information they contain and how the user uses their device, they can be used to recognize the user.\r\n<h3><\/h3>\r\n<h3>[3] INFORMATION ON THE TYPE OF COOKIES<\/h3>\r\n<strong>3.1. Types of cookies according to the entity that manages them<\/strong>\r\n\r\nSeg\u00fan quien sea la entidad que gestione el equipo o dominio desde donde se env\u00edan las cookies y trate los datos que se obtengan, podemos distinguir habitualmente, aunque sin car\u00e1cter limitativo, entre:\r\n\r\nCookies propias: Son aqu\u00e9llas que se env\u00edan al equipo terminal del usuario desde un equipo o dominio gestionado por el propio editor y desde el que se presta el servicio solicitado por el usuario.\r\n\r\nCookies de tercero: Son aqu\u00e9llas que se env\u00edan al equipo terminal del usuario desde un equipo o dominio que no es gestionado por el editor, sino por otra entidad que trata los datos obtenidos trav\u00e9s de las cookies.\r\n\r\n<strong>3.2. Types of cookies according to the length of time they remain active<\/strong>\r\n\r\nSeg\u00fan el plazo de tiempo que permanecen activadas en el equipo terminal podemos distinguir habitualmente, aunque sin car\u00e1cter limitativo, entre:\r\n\r\nCookies de sesi\u00f3n: Son un tipo de cookies dise\u00f1adas para recabar y almacenar datos mientras el usuario accede a una p\u00e1gina web.\r\n\r\nSe suelen emplear para almacenar informaci\u00f3n que s\u00f3lo interesa conservar para la prestaci\u00f3n del servicio solicitado por el usuario en una sola ocasi\u00f3n (por ejemplo, una lista de productos adquiridos).\r\n\r\nCookies persistentes: Son un tipo de cookies en el que los datos siguen almacenados en el terminal y pueden ser accedidos y tratados durante un periodo definido por el responsable de la cookie, y que puede ir de unos minutos a varios a\u00f1os.\r\n\r\n<strong>3.3. Types of cookies according to their purpose<\/strong>\r\n\r\nSeg\u00fan la finalidad para la que se traten los datos obtenidos a trav\u00e9s de las cookies, podemos distinguir habitualmente, aunque sin car\u00e1cter limitativo, entre:\r\n\r\nCookies t\u00e9cnicas: Son aqu\u00e9llas que permiten al usuario la navegaci\u00f3n a trav\u00e9s de una p\u00e1gina web, plataforma o aplicaci\u00f3n y la utilizaci\u00f3n de las diferentes opciones o servicios que en ella existan como, por ejemplo, controlar el tr\u00e1fico y la comunicaci\u00f3n de datos, identificar la sesi\u00f3n, acceder a partes de acceso restringido, recordar los elementos que integran un pedido, realizar el proceso de compra de un pedido, realizar la solicitud de inscripci\u00f3n o participaci\u00f3n en un evento, utilizar elementos de seguridad durante la navegaci\u00f3n, almacenar contenidos para la difusi\u00f3n de videos o sonido o compartir contenidos a trav\u00e9s de redes sociales.\r\n\r\nCookies de personalizaci\u00f3n: Son aqu\u00e9llas que permiten al usuario acceder al servicio con algunas caracter\u00edsticas de car\u00e1cter general predefinidas en funci\u00f3n de una serie de criterios en el terminal del usuario como por ejemplo serian el idioma, el tipo de navegador a trav\u00e9s del cual accede al servicio, la configuraci\u00f3n regional desde donde accede al servicio, etc.\r\n\r\nCookies de an\u00e1lisis: Son aqu\u00e9llas que permiten al responsable de las mismas, el seguimiento y an\u00e1lisis del comportamiento de los usuarios de los sitios web a los que est\u00e1n vinculadas. La informaci\u00f3n recogida mediante este tipo de cookies se utiliza en la medici\u00f3n de la actividad de los sitios web, aplicaci\u00f3n o plataforma y para la elaboraci\u00f3n de perfiles de navegaci\u00f3n de los usuarios de dichos sitios, aplicaciones y plataformas, con el fin de introducir mejoras en funci\u00f3n del an\u00e1lisis de los datos de uso que hacen los usuarios del servicio.\r\n\r\nCookies publicitarias: Son aqu\u00e9llas que permiten la gesti\u00f3n, de la forma m\u00e1s eficaz posible, de los espacios publicitarios que, en su caso, el editor haya incluido en una p\u00e1gina web, aplicaci\u00f3n o plataforma desde la que presta el servicio solicitado en base a criterios como el contenido editado o la frecuencia en la que se muestran los anuncios.\r\n\r\nCookies de publicidad comportamental: Son aqu\u00e9llas que permiten la gesti\u00f3n, de la forma m\u00e1s eficaz posible, de los espacios publicitarios que, en su caso, el editor haya incluido en una p\u00e1gina web, aplicaci\u00f3n o plataforma desde la que presta el servicio solicitado. Estas cookies almacenan informaci\u00f3n del comportamiento de los usuarios obtenida a trav\u00e9s de la observaci\u00f3n continuada de sus h\u00e1bitos de navegaci\u00f3n, lo que permite desarrollar un perfil espec\u00edfico para mostrar publicidad en funci\u00f3n del mismo.\r\n<h3><\/h3>\r\n<h3>[4] COOKIE MANAGEMENT<\/h3>\r\nDesde ATELIER DISFRUTONES DEL VINO, S.L. deseamos que usted tenga la garant\u00eda de disponer de aquella informaci\u00f3n que le permita administrar la cookies instaladas en su equipo, de modo que, si as\u00ed lo deseara, pudiese en cualquier momento revocar el funcionamiento de las cookies de ese sitio web.\r\n\r\nPor ello, usted tiene la opci\u00f3n de permitir, bloquear o eliminar las cookies instaladas en su equipo mediante la configuraci\u00f3n de las opciones del navegador instalado en su equipo. As\u00ed y a tal fin, a continuaci\u00f3n le indicamos los enlaces o links de los principales navegadores y dispositivos para que disponga de toda la informaci\u00f3n para consultar c\u00f3mo gestionar las cookies en su navegador:\r\n\r\nInternet Explorer &#8211; Versi\u00f3n 5 &#8211; <a href=\"http:\/\/support.microsoft.com\/kb\/196955\/es\">http:\/\/support.microsoft.com\/kb\/196955\/es<\/a>\r\nInternet Explorer &#8211; Versi\u00f3n 6 &#8211; <a href=\"http:\/\/support.microsoft.com\/kb\/283185\/es\">http:\/\/support.microsoft.com\/kb\/283185\/es<\/a>\r\nInternet Explorer &#8211; Versi\u00f3n 7 y 8 &#8211; <a href=\"http:\/\/windows.microsoft.com\/es-ES\/windows-vista\/Block-or-allow-Cookies\">http:\/\/windows.microsoft.com\/es-ES\/windows-vista\/Block-or-allow-Cookies<\/a>\r\nInternet Explorer &#8211; Versi\u00f3n 9 &#8211; <a href=\"http:\/\/windows.microsoft.com\/es-ES\/windows7\/How-to-manage-Cookies-in-Internet-Explorer-9\">http:\/\/windows.microsoft.com\/es-ES\/windows7\/How-to-manage-Cookies-in-Internet-Explorer-9<\/a>\r\nInternet Explorer &#8211; Versi\u00f3n 10 &#8211; <a href=\"http:\/\/windows.microsoft.com\/es-es\/Internet-explorer\/ie-security-privacy-settings#ie=ie-10\">http:\/\/windows.microsoft.com\/es-es\/Internet-explorer\/ie-security-privacy-settings#ie=ie-10<\/a>\r\nInternet Explorer &#8211; Versi\u00f3n 11 &#8211; <a href=\"http:\/\/windows.microsoft.com\/es-es\/Internet-explorer\/ie-security-privacy-settings#ie=ie-11\">http:\/\/windows.microsoft.com\/es-es\/Internet-explorer\/ie-security-privacy-settings#ie=ie-11<\/a>\r\nSafari 5 y 6 &#8211; <a href=\"http:\/\/www.apple.com\/es\/support\/mac-apps\/safari\/\">http:\/\/www.apple.com\/es\/support\/mac-apps\/safari\/<\/a>\r\nSafari 7 &#8211; <a href=\"http:\/\/support.apple.com\/kb\/PH17191?viewlocale=es_ES&amp;locale=es_ES\">http:\/\/support.apple.com\/kb\/PH17191?viewlocale=es_ES&amp;locale=es_ES<\/a>\r\nSafari 8 &#8211; <a href=\"http:\/\/support.apple.com\/kb\/PH19214?viewlocale=es_ES&amp;locale=es_ES\">http:\/\/support.apple.com\/kb\/PH19214?viewlocale=es_ES&amp;locale=es_ES<\/a>\r\niPhone, iPad o iPod &#8211;<a href=\"http:\/\/support.apple.com\/kb\/HT1677?viewlocale=es_ES\"> http:\/\/support.apple.com\/kb\/HT1677?viewlocale=es_ES<\/a>\r\nChrome &#8211; <a href=\"https:\/\/support.google.com\/chrome\/answer\/95647?hl=es&amp;hlrm=en\">https:\/\/support.google.com\/chrome\/answer\/95647?hl=es&amp;hlrm=en<\/a>\r\nFirefox &#8211; <a href=\"http:\/\/support.mozilla.org\/es\/kb\/Cookies-informacion-que-los-sitios-Web-guardan-en-?redirectlocale=en-US&amp;redirectslug=Cookies\">http:\/\/support.mozilla.org\/es\/kb\/Cookies-informacion-que-los-sitios-Web-guardan-en-?redirectlocale=en-US&amp;redirectslug=Cookies<\/a>\r\nOpera &#8211; <a href=\"http:\/\/help.opera.com\/Windows\/11.50\/es-ES\/Cookies.html\">http:\/\/help.opera.com\/Windows\/11.50\/es-ES\/Cookies.html<\/a>\r\nAndroid &#8211; <a href=\"http:\/\/support.google.com\/android\/?hl=es\">http:\/\/support.google.com\/android\/?hl=es<\/a>\r\nWindows Phone &#8211; <a href=\"http:\/\/www.windowsphone.com\/es-ES\/how-to\/wp7\/Web\/changing-privacy-and-other-browser-settings\">http:\/\/www.windowsphone.com\/es-ES\/how-to\/wp7\/Web\/changing-privacy-and-other-browser-settings<\/a>\r\nBlackberry &#8211; <a href=\"https:\/\/www.blackberrymobile.com\/support\/\">https:\/\/www.blackberrymobile.com\/support\/<\/a>\r\n<h3><\/h3>\r\n<h3>[5] COOKIE POLICY UPDATE<\/h3>\r\nDebido a que, por distintas circunstancias, se podr\u00eda requerir la realizaci\u00f3n de determinadas actualizaciones de esta Pol\u00edtica de Cookies en nuestro website, le recomendamos que lo revise cada vez que acceda al mismo, de modo que pueda estar debidamente informado sobre c\u00f3mo y para qu\u00e9 usamos las cookies.\r\n\r\nLa fecha en la que actualizamos por \u00faltima vez la presente Pol\u00edtica de Cookies fue el 15 de marzo de 2019.\u201d\t\t\t\t\t\t\t\t<\/div>\n\t\t\t\t<\/div>\n\t\t\t\t\t<\/div>\n\t\t\t\t<\/div>\n\t\t\t\t<\/div>","protected":false},"excerpt":{"rendered":"<p>La titularidad de este website corresponde a: ATELIER DISFRUTONES DEL VINO, S.L. B88198007 Y el domicilio de este titular, a los efectos de comunicaciones y ejercicio de derechos, es el siguiente: C\/ Ram\u00f3n y Cajal 5, 21 Madrid (28100 Alcobendas) Tel\u00e9fono: 677079059 Email: info@atelierdevino.com La utilizaci\u00f3n de este web le atribuye a usted la condici\u00f3n [&hellip;]<\/p>","protected":false},"author":10,"featured_media":0,"parent":0,"menu_order":31,"comment_status":"closed","ping_status":"closed","template":"","meta":{"_acf_changed":false,"footnotes":""},"class_list":["post-11069","page","type-page","status-publish","hentry"],"acf":[],"yoast_head":"<!-- This site is optimized with the Yoast SEO plugin v25.0 - https:\/\/yoast.com\/wordpress\/plugins\/seo\/ -->\n<title>Pol\u00edtica de cookies - Atelier de Vino<\/title>\n<meta name=\"robots\" content=\"index, follow, max-snippet:-1, max-image-preview:large, max-video-preview:-1\" \/>\n<link rel=\"canonical\" href=\"https:\/\/www.atelierdevino.com\/en\/politica-de-cookies\/\" \/>\n<meta property=\"og:locale\" content=\"en_GB\" \/>\n<meta property=\"og:type\" content=\"article\" \/>\n<meta property=\"og:title\" content=\"Pol\u00edtica de cookies - Atelier de Vino\" \/>\n<meta property=\"og:description\" content=\"La titularidad de este website corresponde a: ATELIER DISFRUTONES DEL VINO, S.L. B88198007 Y el domicilio de este titular, a los efectos de comunicaciones y ejercicio de derechos, es el siguiente: C\/ Ram\u00f3n y Cajal 5, 21 Madrid (28100 Alcobendas) Tel\u00e9fono: 677079059 Email: info@atelierdevino.com La utilizaci\u00f3n de este web le atribuye a usted la condici\u00f3n [&hellip;]\" \/>\n<meta property=\"og:url\" content=\"https:\/\/www.atelierdevino.com\/en\/politica-de-cookies\/\" \/>\n<meta property=\"og:site_name\" content=\"Atelier de Vino\" \/>\n<meta property=\"article:modified_time\" content=\"2025-05-28T14:48:21+00:00\" \/>\n<meta name=\"twitter:card\" content=\"summary_large_image\" \/>\n<meta name=\"twitter:label1\" content=\"Estimated reading time\" \/>\n\t<meta name=\"twitter:data1\" content=\"6 minutes\" \/>\n<script type=\"application\/ld+json\" class=\"yoast-schema-graph\">{\"@context\":\"https:\/\/schema.org\",\"@graph\":[{\"@type\":\"WebPage\",\"@id\":\"https:\/\/www.atelierdevino.com\/politica-de-cookies\/\",\"url\":\"https:\/\/www.atelierdevino.com\/politica-de-cookies\/\",\"name\":\"Pol\u00edtica de cookies - Atelier de Vino\",\"isPartOf\":{\"@id\":\"https:\/\/www.atelierdevino.com\/#website\"},\"datePublished\":\"2019-02-20T16:17:46+00:00\",\"dateModified\":\"2025-05-28T14:48:21+00:00\",\"breadcrumb\":{\"@id\":\"https:\/\/www.atelierdevino.com\/politica-de-cookies\/#breadcrumb\"},\"inLanguage\":\"en-GB\",\"potentialAction\":[{\"@type\":\"ReadAction\",\"target\":[\"https:\/\/www.atelierdevino.com\/politica-de-cookies\/\"]}]},{\"@type\":\"BreadcrumbList\",\"@id\":\"https:\/\/www.atelierdevino.com\/politica-de-cookies\/#breadcrumb\",\"itemListElement\":[{\"@type\":\"ListItem\",\"position\":1,\"name\":\"Portada\",\"item\":\"https:\/\/www.atelierdevino.com\/\"},{\"@type\":\"ListItem\",\"position\":2,\"name\":\"Pol\u00edtica de cookies\"}]},{\"@type\":\"WebSite\",\"@id\":\"https:\/\/www.atelierdevino.com\/#website\",\"url\":\"https:\/\/www.atelierdevino.com\/\",\"name\":\"Atelier de Vino\",\"description\":\"Vinos de Autor | Personalizaci\u00f3n de Vinos | Bodega Boutique\",\"publisher\":{\"@id\":\"https:\/\/www.atelierdevino.com\/#organization\"},\"potentialAction\":[{\"@type\":\"SearchAction\",\"target\":{\"@type\":\"EntryPoint\",\"urlTemplate\":\"https:\/\/www.atelierdevino.com\/?s={search_term_string}\"},\"query-input\":{\"@type\":\"PropertyValueSpecification\",\"valueRequired\":true,\"valueName\":\"search_term_string\"}}],\"inLanguage\":\"en-GB\"},{\"@type\":\"Organization\",\"@id\":\"https:\/\/www.atelierdevino.com\/#organization\",\"name\":\"Atelier de Vino\",\"url\":\"https:\/\/www.atelierdevino.com\/\",\"logo\":{\"@type\":\"ImageObject\",\"inLanguage\":\"en-GB\",\"@id\":\"https:\/\/www.atelierdevino.com\/#\/schema\/logo\/image\/\",\"url\":\"https:\/\/www.atelierdevino.com\/wp-content\/uploads\/2018\/10\/logo-big.png\",\"contentUrl\":\"https:\/\/www.atelierdevino.com\/wp-content\/uploads\/2018\/10\/logo-big.png\",\"width\":268,\"height\":342,\"caption\":\"Atelier de Vino\"},\"image\":{\"@id\":\"https:\/\/www.atelierdevino.com\/#\/schema\/logo\/image\/\"}}]}<\/script>\n<!-- \/ Yoast SEO plugin. -->","yoast_head_json":{"title":"Pol\u00edtica de cookies - Atelier de Vino","robots":{"index":"index","follow":"follow","max-snippet":"max-snippet:-1","max-image-preview":"max-image-preview:large","max-video-preview":"max-video-preview:-1"},"canonical":"https:\/\/www.atelierdevino.com\/en\/politica-de-cookies\/","og_locale":"en_GB","og_type":"article","og_title":"Pol\u00edtica de cookies - Atelier de Vino","og_description":"La titularidad de este website corresponde a: ATELIER DISFRUTONES DEL VINO, S.L. B88198007 Y el domicilio de este titular, a los efectos de comunicaciones y ejercicio de derechos, es el siguiente: C\/ Ram\u00f3n y Cajal 5, 21 Madrid (28100 Alcobendas) Tel\u00e9fono: 677079059 Email: info@atelierdevino.com La utilizaci\u00f3n de este web le atribuye a usted la condici\u00f3n [&hellip;]","og_url":"https:\/\/www.atelierdevino.com\/en\/politica-de-cookies\/","og_site_name":"Atelier de Vino","article_modified_time":"2025-05-28T14:48:21+00:00","twitter_card":"summary_large_image","twitter_misc":{"Estimated reading time":"6 minutes"},"schema":{"@context":"https:\/\/schema.org","@graph":[{"@type":"WebPage","@id":"https:\/\/www.atelierdevino.com\/politica-de-cookies\/","url":"https:\/\/www.atelierdevino.com\/politica-de-cookies\/","name":"Pol\u00edtica de cookies - Atelier de Vino","isPartOf":{"@id":"https:\/\/www.atelierdevino.com\/#website"},"datePublished":"2019-02-20T16:17:46+00:00","dateModified":"2025-05-28T14:48:21+00:00","breadcrumb":{"@id":"https:\/\/www.atelierdevino.com\/politica-de-cookies\/#breadcrumb"},"inLanguage":"en-GB","potentialAction":[{"@type":"ReadAction","target":["https:\/\/www.atelierdevino.com\/politica-de-cookies\/"]}]},{"@type":"BreadcrumbList","@id":"https:\/\/www.atelierdevino.com\/politica-de-cookies\/#breadcrumb","itemListElement":[{"@type":"ListItem","position":1,"name":"Portada","item":"https:\/\/www.atelierdevino.com\/"},{"@type":"ListItem","position":2,"name":"Pol\u00edtica de cookies"}]},{"@type":"WebSite","@id":"https:\/\/www.atelierdevino.com\/#website","url":"https:\/\/www.atelierdevino.com\/","name":"Atelier de Vino","description":"Vinos de Autor | Personalizaci\u00f3n de Vinos | Bodega Boutique","publisher":{"@id":"https:\/\/www.atelierdevino.com\/#organization"},"potentialAction":[{"@type":"SearchAction","target":{"@type":"EntryPoint","urlTemplate":"https:\/\/www.atelierdevino.com\/?s={search_term_string}"},"query-input":{"@type":"PropertyValueSpecification","valueRequired":true,"valueName":"search_term_string"}}],"inLanguage":"en-GB"},{"@type":"Organization","@id":"https:\/\/www.atelierdevino.com\/#organization","name":"Atelier de Vino","url":"https:\/\/www.atelierdevino.com\/","logo":{"@type":"ImageObject","inLanguage":"en-GB","@id":"https:\/\/www.atelierdevino.com\/#\/schema\/logo\/image\/","url":"https:\/\/www.atelierdevino.com\/wp-content\/uploads\/2018\/10\/logo-big.png","contentUrl":"https:\/\/www.atelierdevino.com\/wp-content\/uploads\/2018\/10\/logo-big.png","width":268,"height":342,"caption":"Atelier de Vino"},"image":{"@id":"https:\/\/www.atelierdevino.com\/#\/schema\/logo\/image\/"}}]}},"_links":{"self":[{"href":"https:\/\/www.atelierdevino.com\/en\/wp-json\/wp\/v2\/pages\/11069","targetHints":{"allow":["GET"]}}],"collection":[{"href":"https:\/\/www.atelierdevino.com\/en\/wp-json\/wp\/v2\/pages"}],"about":[{"href":"https:\/\/www.atelierdevino.com\/en\/wp-json\/wp\/v2\/types\/page"}],"author":[{"embeddable":true,"href":"https:\/\/www.atelierdevino.com\/en\/wp-json\/wp\/v2\/users\/10"}],"replies":[{"embeddable":true,"href":"https:\/\/www.atelierdevino.com\/en\/wp-json\/wp\/v2\/comments?post=11069"}],"version-history":[{"count":5,"href":"https:\/\/www.atelierdevino.com\/en\/wp-json\/wp\/v2\/pages\/11069\/revisions"}],"predecessor-version":[{"id":14167,"href":"https:\/\/www.atelierdevino.com\/en\/wp-json\/wp\/v2\/pages\/11069\/revisions\/14167"}],"wp:attachment":[{"href":"https:\/\/www.atelierdevino.com\/en\/wp-json\/wp\/v2\/media?parent=11069"}],"curies":[{"name":"wp","href":"https:\/\/api.w.org\/{rel}","templated":true}]}}