{"id":11056,"date":"2019-02-20T16:14:00","date_gmt":"2019-02-20T15:14:00","guid":{"rendered":"http:\/\/atelier.gonext.works\/?page_id=11056"},"modified":"2020-11-05T02:56:39","modified_gmt":"2020-11-05T01:56:39","slug":"apadrina-tu-cepa","status":"publish","type":"page","link":"https:\/\/www.atelierdevino.com\/en\/apadrina-tu-cepa\/","title":{"rendered":"Apadrina tu Cepa"},"content":{"rendered":"<p>[vc_row row_content_width=\u00bbgrid\u00bb css=\u00bb.vc_custom_1550658893645{padding-top: 80px !important;padding-bottom: 80px !important;}\u00bb][vc_column width=\u00bb2\/3&#8243; css=\u00bb.vc_custom_1578057236029{margin-bottom: 30px !important;padding-right: 50px !important;}\u00bb][vc_column_text]<strong><span style=\"color: #000000; text-transform: uppercase;\">\u00bfTe imaginas ser el propietario de tu vi\u00f1edo?<\/span><\/strong>[\/vc_column_text][vc_column_text el_class=\u00bbcolor-negro\u00bb]<\/p>\n<p style=\"text-align: justify;\">Ahora es el momento, el paso del tiempo y el cuidado permanente de la cepa es fundamental en el resultado. Con \u201cAtelier de vino\u201d puedes ver como crecen tus vi\u00f1as y vivir en primera persona la maduraci\u00f3n de la uva y disfrutar del campo.<\/p>\n<p style=\"text-align: justify;\">Entender como afecta el clima a la vid es clave para la obtenci\u00f3n de uva con determinadas caracter\u00edsticas. Existen factores como la temperatura, la lluvia, las horas de sol, el tipo de terreno, que te ayudar\u00e1n a comprender porqu\u00e9 el resultado, tu vino, ser\u00e1 de unas caracter\u00edsticas y no de otras.<\/p>\n<p style=\"text-align: justify;\">Es conocido que la temperatura favorece la maduraci\u00f3n y afecta directamente en la dulzura y acidez del fruto. El tipo de suelo, dependiendo de la zona geogr\u00e1fica donde se encuentre, posibilitar\u00e1 un vino m\u00e1s o menos dulce, vinos m\u00e1s o menos complejos, con diferente maduraci\u00f3n y graduaci\u00f3n alcoh\u00f3lica.<\/p>\n<p style=\"text-align: justify;\">Apadrinar una Cepa te permitir\u00e1 experimentar de primera mano como el cuidado de las vi\u00f1as y el respecto a la naturaleza influyen en la expresi\u00f3n de la tierra, de su fruto y en la calidad de la cosecha que obtenemos.<\/p>\n<p><strong>Aprende de nuestra mano todos los secretos para el cuidado y la elaboraci\u00f3n de tu propio vino.<\/strong>[\/vc_column_text][\/vc_column][vc_column width=\u00bb1\/3&#8243; css=\u00bb.vc_custom_1578055704596{border-left-width: 1px !important;padding-top: 0px !important;padding-left: 50px !important;border-left-color: #999999 !important;border-left-style: solid !important;}\u00bb el_id=\u00bbbloque-apadrina\u00bb][vc_column_text el_class=\u00bbcolor-negro\u00bb]<\/p>\n<h5><strong>Verdejo de Rueda 2020<\/strong><\/h5>\n<p>[\/vc_column_text][vc_column_text el_class=\u00bbcolor-negro\u00bb]<span style=\"font-weight: 400;\">Apadrina tu Cepa y tendr\u00e1s un alquiler virtual de tu vi\u00f1a de la que obtendr\u00e1s<\/span>[\/vc_column_text][vc_column_text el_class=\u00bbcolor-negro\u00bb]<\/p>\n<ul>\n<li style=\"font-weight: 400; text-align: left;\"><span style=\"font-weight: 400;\">Una caja de 6 botellas.<\/span><\/li>\n<li style=\"text-align: left;\"><span style=\"font-weight: 400;\">Seguimiento virtual del Vi\u00f1edo y de elaboraci\u00f3n.<\/span><\/li>\n<li style=\"font-weight: 400; text-align: left;\"><span style=\"font-weight: 400;\">Titulo de propiedad durante la campa\u00f1a.<\/span><\/li>\n<\/ul>\n<p>[\/vc_column_text][vc_column_text el_class=\u00bbcolor-negro\u00bb]<\/p>\n<h5><strong>49,20\u20ac<\/strong> <small>(incluidos IVA y costes de env\u00edo)<\/small><\/h5>\n<p>[\/vc_column_text][vc_empty_space height=\u00bb30&#8243;][vc_raw_html]JTNDZGl2JTIwc3R5bGUlM0QlMjJkaXNwbGF5JTNBbm9uZSUyMiUzRSUwQSUzQ3NwYW4lMjBjbGFzcyUzRCUyMndvb2NvbW1lcmNlLVByaWNlLWFtb3VudCUyMGFtb3VudCUyMGJ1dHRvbiUyMiUzRSUzQ2ElMjBjbGFzcyUzRCUyMmJ1dHRvbiUyMHByb2R1Y3RfdHlwZV9zaW1wbGUlMjBhZGRfdG9fY2FydF9idXR0b24lMjBhamF4X2FkZF90b19jYXJ0JTIyJTIwaHJlZiUzRCUyMiUyRiUzRmFkZC10by1jYXJ0JTNEMTE2NTUlMjIlMjByZWwlM0QlMjJub2ZvbGxvdyUyMiUyMGRhdGEtcXVhbnRpdHklM0QlMjIxJTIyJTIwZGF0YS1wcm9kdWN0X2lkJTNEJTIyMTE2NTUlMjIlMjBkYXRhLXByb2R1Y3Rfc2t1JTNEJTIyUFIxMjctMiUyMiUyMGFyaWEtbGFiZWwlM0QlMjJBJUMzJUIxYWRlJTIwJUUyJTgwJTlDQXBhZHJpbmElMjB0dSUyMENlcGElRTIlODAlOUQlMjBhJTIwdHUlMjBjYXJyaXRvJTIyJTNFQ29tcHJhciUzQyUyRmElM0UlM0MlMkZzcGFuJTNFJTBBJTNDJTJGZGl2JTNF[\/vc_raw_html][\/vc_column][\/vc_row][vc_row content_text_aligment=\u00bbcenter\u00bb css=\u00bb.vc_custom_1550658202071{padding-top: 40px !important;padding-bottom: 10px !important;background-color: #efefe3 !important;}\u00bb el_id=\u00bbformulario\u00bb][vc_column][vc_row_inner row_content_width=\u00bbgrid\u00bb content_text_aligment=\u00bbleft\u00bb][vc_column_inner width=\u00bb1\/2&#8243;][eltdf_section_title position=\u00bb\u00bb title_tag=\u00bb\u00bb title_separator=\u00bbyes\u00bb title=\u00bbContacta con Nosotros\u00bb][vc_empty_space height=\u00bb27px\u00bb][templatera id=\u00bb11854&#8243;][\/vc_column_inner][vc_column_inner width=\u00bb1\/2&#8243;][contact-form-7 id=\u00bb11061&#8243;][vc_empty_space height=\u00bb55px\u00bb][\/vc_column_inner][\/vc_row_inner][\/vc_column][\/vc_row]<\/p>","protected":false},"excerpt":{"rendered":"<p>[vc_row row_content_width=\u00bbgrid\u00bb css=\u00bb.vc_custom_1550658893645{padding-top: 80px !important;padding-bottom: 80px !important;}\u00bb][vc_column width=\u00bb2\/3&#8243; css=\u00bb.vc_custom_1578057236029{margin-bottom: 30px !important;padding-right: 50px !important;}\u00bb][vc_column_text]\u00bfTe imaginas ser el propietario de tu vi\u00f1edo?[\/vc_column_text][vc_column_text el_class=\u00bbcolor-negro\u00bb] Ahora es el momento, el paso del tiempo y el cuidado permanente de la cepa es fundamental en el resultado. Con \u201cAtelier de vino\u201d puedes ver como crecen tus vi\u00f1as y vivir en primera [&hellip;]<\/p>","protected":false},"author":10,"featured_media":0,"parent":0,"menu_order":12,"comment_status":"closed","ping_status":"closed","template":"full-width.php","meta":{"_acf_changed":false,"footnotes":""},"class_list":["post-11056","page","type-page","status-publish","hentry"],"acf":[],"yoast_head":"<!-- This site is optimized with the Yoast SEO plugin v25.0 - https:\/\/yoast.com\/wordpress\/plugins\/seo\/ -->\n<title>Apadrina tu Cepa - Atelier de Vino<\/title>\n<meta name=\"robots\" content=\"noindex, nofollow\" \/>\n<meta property=\"og:locale\" content=\"en_GB\" \/>\n<meta property=\"og:type\" content=\"article\" \/>\n<meta property=\"og:title\" content=\"Apadrina tu Cepa - Atelier de Vino\" \/>\n<meta property=\"og:description\" content=\"[vc_row row_content_width=\u00bbgrid\u00bb css=\u00bb.vc_custom_1550658893645{padding-top: 80px !important;padding-bottom: 80px !important;}\u00bb][vc_column width=\u00bb2\/3&#8243; css=\u00bb.vc_custom_1578057236029{margin-bottom: 30px !important;padding-right: 50px !important;}\u00bb][vc_column_text]\u00bfTe imaginas ser el propietario de tu vi\u00f1edo?[\/vc_column_text][vc_column_text el_class=\u00bbcolor-negro\u00bb] Ahora es el momento, el paso del tiempo y el cuidado permanente de la cepa es fundamental en el resultado. Con \u201cAtelier de vino\u201d puedes ver como crecen tus vi\u00f1as y vivir en primera [&hellip;]\" \/>\n<meta property=\"og:url\" content=\"https:\/\/www.atelierdevino.com\/en\/apadrina-tu-cepa\/\" \/>\n<meta property=\"og:site_name\" content=\"Atelier de Vino\" \/>\n<meta property=\"article:modified_time\" content=\"2020-11-05T01:56:39+00:00\" \/>\n<meta name=\"twitter:card\" content=\"summary_large_image\" \/>\n<meta name=\"twitter:label1\" content=\"Estimated reading time\" \/>\n\t<meta name=\"twitter:data1\" content=\"3 minutes\" \/>\n<script type=\"application\/ld+json\" class=\"yoast-schema-graph\">{\"@context\":\"https:\/\/schema.org\",\"@graph\":[{\"@type\":\"WebPage\",\"@id\":\"https:\/\/www.atelierdevino.com\/apadrina-tu-cepa\/\",\"url\":\"https:\/\/www.atelierdevino.com\/apadrina-tu-cepa\/\",\"name\":\"Apadrina tu Cepa - Atelier de Vino\",\"isPartOf\":{\"@id\":\"https:\/\/www.atelierdevino.com\/#website\"},\"datePublished\":\"2019-02-20T15:14:00+00:00\",\"dateModified\":\"2020-11-05T01:56:39+00:00\",\"breadcrumb\":{\"@id\":\"https:\/\/www.atelierdevino.com\/apadrina-tu-cepa\/#breadcrumb\"},\"inLanguage\":\"en-GB\",\"potentialAction\":[{\"@type\":\"ReadAction\",\"target\":[\"https:\/\/www.atelierdevino.com\/apadrina-tu-cepa\/\"]}]},{\"@type\":\"BreadcrumbList\",\"@id\":\"https:\/\/www.atelierdevino.com\/apadrina-tu-cepa\/#breadcrumb\",\"itemListElement\":[{\"@type\":\"ListItem\",\"position\":1,\"name\":\"Portada\",\"item\":\"https:\/\/www.atelierdevino.com\/\"},{\"@type\":\"ListItem\",\"position\":2,\"name\":\"Apadrina tu Cepa\"}]},{\"@type\":\"WebSite\",\"@id\":\"https:\/\/www.atelierdevino.com\/#website\",\"url\":\"https:\/\/www.atelierdevino.com\/\",\"name\":\"Atelier de Vino\",\"description\":\"Vinos de Autor | Personalizaci\u00f3n de Vinos | Bodega Boutique\",\"publisher\":{\"@id\":\"https:\/\/www.atelierdevino.com\/#organization\"},\"potentialAction\":[{\"@type\":\"SearchAction\",\"target\":{\"@type\":\"EntryPoint\",\"urlTemplate\":\"https:\/\/www.atelierdevino.com\/?s={search_term_string}\"},\"query-input\":{\"@type\":\"PropertyValueSpecification\",\"valueRequired\":true,\"valueName\":\"search_term_string\"}}],\"inLanguage\":\"en-GB\"},{\"@type\":\"Organization\",\"@id\":\"https:\/\/www.atelierdevino.com\/#organization\",\"name\":\"Atelier de Vino\",\"url\":\"https:\/\/www.atelierdevino.com\/\",\"logo\":{\"@type\":\"ImageObject\",\"inLanguage\":\"en-GB\",\"@id\":\"https:\/\/www.atelierdevino.com\/#\/schema\/logo\/image\/\",\"url\":\"https:\/\/www.atelierdevino.com\/wp-content\/uploads\/2018\/10\/logo-big.png\",\"contentUrl\":\"https:\/\/www.atelierdevino.com\/wp-content\/uploads\/2018\/10\/logo-big.png\",\"width\":268,\"height\":342,\"caption\":\"Atelier de Vino\"},\"image\":{\"@id\":\"https:\/\/www.atelierdevino.com\/#\/schema\/logo\/image\/\"}}]}<\/script>\n<!-- \/ Yoast SEO plugin. -->","yoast_head_json":{"title":"Apadrina tu Cepa - Atelier de Vino","robots":{"index":"noindex","follow":"nofollow"},"og_locale":"en_GB","og_type":"article","og_title":"Apadrina tu Cepa - Atelier de Vino","og_description":"[vc_row row_content_width=\u00bbgrid\u00bb css=\u00bb.vc_custom_1550658893645{padding-top: 80px !important;padding-bottom: 80px !important;}\u00bb][vc_column width=\u00bb2\/3&#8243; css=\u00bb.vc_custom_1578057236029{margin-bottom: 30px !important;padding-right: 50px !important;}\u00bb][vc_column_text]\u00bfTe imaginas ser el propietario de tu vi\u00f1edo?[\/vc_column_text][vc_column_text el_class=\u00bbcolor-negro\u00bb] Ahora es el momento, el paso del tiempo y el cuidado permanente de la cepa es fundamental en el resultado. Con \u201cAtelier de vino\u201d puedes ver como crecen tus vi\u00f1as y vivir en primera [&hellip;]","og_url":"https:\/\/www.atelierdevino.com\/en\/apadrina-tu-cepa\/","og_site_name":"Atelier de Vino","article_modified_time":"2020-11-05T01:56:39+00:00","twitter_card":"summary_large_image","twitter_misc":{"Estimated reading time":"3 minutes"},"schema":{"@context":"https:\/\/schema.org","@graph":[{"@type":"WebPage","@id":"https:\/\/www.atelierdevino.com\/apadrina-tu-cepa\/","url":"https:\/\/www.atelierdevino.com\/apadrina-tu-cepa\/","name":"Apadrina tu Cepa - Atelier de Vino","isPartOf":{"@id":"https:\/\/www.atelierdevino.com\/#website"},"datePublished":"2019-02-20T15:14:00+00:00","dateModified":"2020-11-05T01:56:39+00:00","breadcrumb":{"@id":"https:\/\/www.atelierdevino.com\/apadrina-tu-cepa\/#breadcrumb"},"inLanguage":"en-GB","potentialAction":[{"@type":"ReadAction","target":["https:\/\/www.atelierdevino.com\/apadrina-tu-cepa\/"]}]},{"@type":"BreadcrumbList","@id":"https:\/\/www.atelierdevino.com\/apadrina-tu-cepa\/#breadcrumb","itemListElement":[{"@type":"ListItem","position":1,"name":"Portada","item":"https:\/\/www.atelierdevino.com\/"},{"@type":"ListItem","position":2,"name":"Apadrina tu Cepa"}]},{"@type":"WebSite","@id":"https:\/\/www.atelierdevino.com\/#website","url":"https:\/\/www.atelierdevino.com\/","name":"Atelier de Vino","description":"Vinos de Autor | Personalizaci\u00f3n de Vinos | Bodega Boutique","publisher":{"@id":"https:\/\/www.atelierdevino.com\/#organization"},"potentialAction":[{"@type":"SearchAction","target":{"@type":"EntryPoint","urlTemplate":"https:\/\/www.atelierdevino.com\/?s={search_term_string}"},"query-input":{"@type":"PropertyValueSpecification","valueRequired":true,"valueName":"search_term_string"}}],"inLanguage":"en-GB"},{"@type":"Organization","@id":"https:\/\/www.atelierdevino.com\/#organization","name":"Atelier de Vino","url":"https:\/\/www.atelierdevino.com\/","logo":{"@type":"ImageObject","inLanguage":"en-GB","@id":"https:\/\/www.atelierdevino.com\/#\/schema\/logo\/image\/","url":"https:\/\/www.atelierdevino.com\/wp-content\/uploads\/2018\/10\/logo-big.png","contentUrl":"https:\/\/www.atelierdevino.com\/wp-content\/uploads\/2018\/10\/logo-big.png","width":268,"height":342,"caption":"Atelier de Vino"},"image":{"@id":"https:\/\/www.atelierdevino.com\/#\/schema\/logo\/image\/"}}]}},"_links":{"self":[{"href":"https:\/\/www.atelierdevino.com\/en\/wp-json\/wp\/v2\/pages\/11056","targetHints":{"allow":["GET"]}}],"collection":[{"href":"https:\/\/www.atelierdevino.com\/en\/wp-json\/wp\/v2\/pages"}],"about":[{"href":"https:\/\/www.atelierdevino.com\/en\/wp-json\/wp\/v2\/types\/page"}],"author":[{"embeddable":true,"href":"https:\/\/www.atelierdevino.com\/en\/wp-json\/wp\/v2\/users\/10"}],"replies":[{"embeddable":true,"href":"https:\/\/www.atelierdevino.com\/en\/wp-json\/wp\/v2\/comments?post=11056"}],"version-history":[{"count":5,"href":"https:\/\/www.atelierdevino.com\/en\/wp-json\/wp\/v2\/pages\/11056\/revisions"}],"predecessor-version":[{"id":12728,"href":"https:\/\/www.atelierdevino.com\/en\/wp-json\/wp\/v2\/pages\/11056\/revisions\/12728"}],"wp:attachment":[{"href":"https:\/\/www.atelierdevino.com\/en\/wp-json\/wp\/v2\/media?parent=11056"}],"curies":[{"name":"wp","href":"https:\/\/api.w.org\/{rel}","templated":true}]}}