{"id":11010,"date":"2019-02-19T16:57:37","date_gmt":"2019-02-19T15:57:37","guid":{"rendered":"http:\/\/atelier.gonext.works\/?page_id=11010"},"modified":"2020-11-05T02:56:26","modified_gmt":"2020-11-05T01:56:26","slug":"hazte-bodeguero","status":"publish","type":"page","link":"https:\/\/www.atelierdevino.com\/en\/hazte-bodeguero\/","title":{"rendered":"Hazte Bodeguero"},"content":{"rendered":"<p>[vc_row row_content_width=\u00bbgrid\u00bb css=\u00bb.vc_custom_1550658893645{padding-top: 80px !important;padding-bottom: 80px !important;}\u00bb][vc_column][vc_column_text]Acomp\u00e1\u00f1anos en todos los procesos de vinificaci\u00f3n, desde los cuidados de la cepa hasta el dise\u00f1o de la etiqueta pasando por todas las fases: recolecci\u00f3n, cata de vino en rama, maceraci\u00f3n, elaboraci\u00f3n, crianza y embotellado. Todo ello controlando con los mejores profesionales del sector.<\/p>\n<p>Te invitamos a ser el artesano de tu propio vino interviniendo en todos los procesos de elaboraci\u00f3n de tu vino escogiendo el \u00abterroir\u00bb, la variedad que te gusta, monovarietal o mezcla de variedades, tipo de vendimia y la zona geogr\u00e1fica.<\/p>\n<p>Intervendr\u00e1s en la elaboraci\u00f3n, el prensado, las levaduras, fermentaci\u00f3n, maceraci\u00f3n, crianza y sus tiempos, el filtrado etc&#8230; Y, de la mano de nuestro equipo de en\u00f3logos, elegir\u00e1s las mezclas m\u00e1s interesantes y equilibradas adapt\u00e1ndolas a tu gusto. Tomar\u00e1s la decisi\u00f3n del tipo de botella, incluso el dise\u00f1o de tu propia etiqueta.<\/p>\n<p><strong>Ponemos en tus manos la posibilidad de elaborar tu propio vino. Si\u00e9ntete bodeguero.<\/strong>[\/vc_column_text][\/vc_column][\/vc_row][vc_row content_text_aligment=\u00bbcenter\u00bb css=\u00bb.vc_custom_1550658202071{padding-top: 40px !important;padding-bottom: 10px !important;background-color: #efefe3 !important;}\u00bb el_id=\u00bbformulario\u00bb][vc_column][vc_row_inner row_content_width=\u00bbgrid\u00bb content_text_aligment=\u00bbleft\u00bb][vc_column_inner width=\u00bb1\/2&#8243;][eltdf_section_title position=\u00bb\u00bb title_tag=\u00bb\u00bb title_separator=\u00bbyes\u00bb title=\u00bbContacta con Nosotros\u00bb][vc_empty_space height=\u00bb27px\u00bb][templatera id=\u00bb11854&#8243;][\/vc_column_inner][vc_column_inner width=\u00bb1\/2&#8243;][contact-form-7 id=\u00bb11011&#8243;][vc_empty_space height=\u00bb55px\u00bb][\/vc_column_inner][\/vc_row_inner][\/vc_column][\/vc_row]<\/p>","protected":false},"excerpt":{"rendered":"<p>[vc_row row_content_width=\u00bbgrid\u00bb css=\u00bb.vc_custom_1550658893645{padding-top: 80px !important;padding-bottom: 80px !important;}\u00bb][vc_column][vc_column_text]Acomp\u00e1\u00f1anos en todos los procesos de vinificaci\u00f3n, desde los cuidados de la cepa hasta el dise\u00f1o de la etiqueta pasando por todas las fases: recolecci\u00f3n, cata de vino en rama, maceraci\u00f3n, elaboraci\u00f3n, crianza y embotellado. Todo ello controlando con los mejores profesionales del sector. Te invitamos a ser el [&hellip;]<\/p>","protected":false},"author":10,"featured_media":0,"parent":0,"menu_order":10,"comment_status":"closed","ping_status":"closed","template":"full-width.php","meta":{"_acf_changed":false,"footnotes":""},"class_list":["post-11010","page","type-page","status-publish","hentry"],"acf":[],"yoast_head":"<!-- This site is optimized with the Yoast SEO plugin v25.0 - https:\/\/yoast.com\/wordpress\/plugins\/seo\/ -->\n<title>Hazte Bodeguero - Atelier de Vino<\/title>\n<meta name=\"robots\" content=\"noindex, nofollow\" \/>\n<meta property=\"og:locale\" content=\"en_GB\" \/>\n<meta property=\"og:type\" content=\"article\" \/>\n<meta property=\"og:title\" content=\"Hazte Bodeguero - Atelier de Vino\" \/>\n<meta property=\"og:description\" content=\"[vc_row row_content_width=\u00bbgrid\u00bb css=\u00bb.vc_custom_1550658893645{padding-top: 80px !important;padding-bottom: 80px !important;}\u00bb][vc_column][vc_column_text]Acomp\u00e1\u00f1anos en todos los procesos de vinificaci\u00f3n, desde los cuidados de la cepa hasta el dise\u00f1o de la etiqueta pasando por todas las fases: recolecci\u00f3n, cata de vino en rama, maceraci\u00f3n, elaboraci\u00f3n, crianza y embotellado. Todo ello controlando con los mejores profesionales del sector. Te invitamos a ser el [&hellip;]\" \/>\n<meta property=\"og:url\" content=\"https:\/\/www.atelierdevino.com\/en\/hazte-bodeguero\/\" \/>\n<meta property=\"og:site_name\" content=\"Atelier de Vino\" \/>\n<meta property=\"article:modified_time\" content=\"2020-11-05T01:56:26+00:00\" \/>\n<meta name=\"twitter:card\" content=\"summary_large_image\" \/>\n<meta name=\"twitter:label1\" content=\"Estimated reading time\" \/>\n\t<meta name=\"twitter:data1\" content=\"1 minute\" \/>\n<script type=\"application\/ld+json\" class=\"yoast-schema-graph\">{\"@context\":\"https:\/\/schema.org\",\"@graph\":[{\"@type\":\"WebPage\",\"@id\":\"https:\/\/www.atelierdevino.com\/hazte-bodeguero\/\",\"url\":\"https:\/\/www.atelierdevino.com\/hazte-bodeguero\/\",\"name\":\"Hazte Bodeguero - Atelier de Vino\",\"isPartOf\":{\"@id\":\"https:\/\/www.atelierdevino.com\/#website\"},\"datePublished\":\"2019-02-19T15:57:37+00:00\",\"dateModified\":\"2020-11-05T01:56:26+00:00\",\"breadcrumb\":{\"@id\":\"https:\/\/www.atelierdevino.com\/hazte-bodeguero\/#breadcrumb\"},\"inLanguage\":\"en-GB\",\"potentialAction\":[{\"@type\":\"ReadAction\",\"target\":[\"https:\/\/www.atelierdevino.com\/hazte-bodeguero\/\"]}]},{\"@type\":\"BreadcrumbList\",\"@id\":\"https:\/\/www.atelierdevino.com\/hazte-bodeguero\/#breadcrumb\",\"itemListElement\":[{\"@type\":\"ListItem\",\"position\":1,\"name\":\"Portada\",\"item\":\"https:\/\/www.atelierdevino.com\/\"},{\"@type\":\"ListItem\",\"position\":2,\"name\":\"Hazte Bodeguero\"}]},{\"@type\":\"WebSite\",\"@id\":\"https:\/\/www.atelierdevino.com\/#website\",\"url\":\"https:\/\/www.atelierdevino.com\/\",\"name\":\"Atelier de Vino\",\"description\":\"Vinos de Autor | Personalizaci\u00f3n de Vinos | Bodega Boutique\",\"publisher\":{\"@id\":\"https:\/\/www.atelierdevino.com\/#organization\"},\"potentialAction\":[{\"@type\":\"SearchAction\",\"target\":{\"@type\":\"EntryPoint\",\"urlTemplate\":\"https:\/\/www.atelierdevino.com\/?s={search_term_string}\"},\"query-input\":{\"@type\":\"PropertyValueSpecification\",\"valueRequired\":true,\"valueName\":\"search_term_string\"}}],\"inLanguage\":\"en-GB\"},{\"@type\":\"Organization\",\"@id\":\"https:\/\/www.atelierdevino.com\/#organization\",\"name\":\"Atelier de Vino\",\"url\":\"https:\/\/www.atelierdevino.com\/\",\"logo\":{\"@type\":\"ImageObject\",\"inLanguage\":\"en-GB\",\"@id\":\"https:\/\/www.atelierdevino.com\/#\/schema\/logo\/image\/\",\"url\":\"https:\/\/www.atelierdevino.com\/wp-content\/uploads\/2018\/10\/logo-big.png\",\"contentUrl\":\"https:\/\/www.atelierdevino.com\/wp-content\/uploads\/2018\/10\/logo-big.png\",\"width\":268,\"height\":342,\"caption\":\"Atelier de Vino\"},\"image\":{\"@id\":\"https:\/\/www.atelierdevino.com\/#\/schema\/logo\/image\/\"}}]}<\/script>\n<!-- \/ Yoast SEO plugin. -->","yoast_head_json":{"title":"Hazte Bodeguero - Atelier de Vino","robots":{"index":"noindex","follow":"nofollow"},"og_locale":"en_GB","og_type":"article","og_title":"Hazte Bodeguero - Atelier de Vino","og_description":"[vc_row row_content_width=\u00bbgrid\u00bb css=\u00bb.vc_custom_1550658893645{padding-top: 80px !important;padding-bottom: 80px !important;}\u00bb][vc_column][vc_column_text]Acomp\u00e1\u00f1anos en todos los procesos de vinificaci\u00f3n, desde los cuidados de la cepa hasta el dise\u00f1o de la etiqueta pasando por todas las fases: recolecci\u00f3n, cata de vino en rama, maceraci\u00f3n, elaboraci\u00f3n, crianza y embotellado. Todo ello controlando con los mejores profesionales del sector. Te invitamos a ser el [&hellip;]","og_url":"https:\/\/www.atelierdevino.com\/en\/hazte-bodeguero\/","og_site_name":"Atelier de Vino","article_modified_time":"2020-11-05T01:56:26+00:00","twitter_card":"summary_large_image","twitter_misc":{"Estimated reading time":"1 minute"},"schema":{"@context":"https:\/\/schema.org","@graph":[{"@type":"WebPage","@id":"https:\/\/www.atelierdevino.com\/hazte-bodeguero\/","url":"https:\/\/www.atelierdevino.com\/hazte-bodeguero\/","name":"Hazte Bodeguero - Atelier de Vino","isPartOf":{"@id":"https:\/\/www.atelierdevino.com\/#website"},"datePublished":"2019-02-19T15:57:37+00:00","dateModified":"2020-11-05T01:56:26+00:00","breadcrumb":{"@id":"https:\/\/www.atelierdevino.com\/hazte-bodeguero\/#breadcrumb"},"inLanguage":"en-GB","potentialAction":[{"@type":"ReadAction","target":["https:\/\/www.atelierdevino.com\/hazte-bodeguero\/"]}]},{"@type":"BreadcrumbList","@id":"https:\/\/www.atelierdevino.com\/hazte-bodeguero\/#breadcrumb","itemListElement":[{"@type":"ListItem","position":1,"name":"Portada","item":"https:\/\/www.atelierdevino.com\/"},{"@type":"ListItem","position":2,"name":"Hazte Bodeguero"}]},{"@type":"WebSite","@id":"https:\/\/www.atelierdevino.com\/#website","url":"https:\/\/www.atelierdevino.com\/","name":"Atelier de Vino","description":"Vinos de Autor | Personalizaci\u00f3n de Vinos | Bodega Boutique","publisher":{"@id":"https:\/\/www.atelierdevino.com\/#organization"},"potentialAction":[{"@type":"SearchAction","target":{"@type":"EntryPoint","urlTemplate":"https:\/\/www.atelierdevino.com\/?s={search_term_string}"},"query-input":{"@type":"PropertyValueSpecification","valueRequired":true,"valueName":"search_term_string"}}],"inLanguage":"en-GB"},{"@type":"Organization","@id":"https:\/\/www.atelierdevino.com\/#organization","name":"Atelier de Vino","url":"https:\/\/www.atelierdevino.com\/","logo":{"@type":"ImageObject","inLanguage":"en-GB","@id":"https:\/\/www.atelierdevino.com\/#\/schema\/logo\/image\/","url":"https:\/\/www.atelierdevino.com\/wp-content\/uploads\/2018\/10\/logo-big.png","contentUrl":"https:\/\/www.atelierdevino.com\/wp-content\/uploads\/2018\/10\/logo-big.png","width":268,"height":342,"caption":"Atelier de Vino"},"image":{"@id":"https:\/\/www.atelierdevino.com\/#\/schema\/logo\/image\/"}}]}},"_links":{"self":[{"href":"https:\/\/www.atelierdevino.com\/en\/wp-json\/wp\/v2\/pages\/11010","targetHints":{"allow":["GET"]}}],"collection":[{"href":"https:\/\/www.atelierdevino.com\/en\/wp-json\/wp\/v2\/pages"}],"about":[{"href":"https:\/\/www.atelierdevino.com\/en\/wp-json\/wp\/v2\/types\/page"}],"author":[{"embeddable":true,"href":"https:\/\/www.atelierdevino.com\/en\/wp-json\/wp\/v2\/users\/10"}],"replies":[{"embeddable":true,"href":"https:\/\/www.atelierdevino.com\/en\/wp-json\/wp\/v2\/comments?post=11010"}],"version-history":[{"count":5,"href":"https:\/\/www.atelierdevino.com\/en\/wp-json\/wp\/v2\/pages\/11010\/revisions"}],"predecessor-version":[{"id":12724,"href":"https:\/\/www.atelierdevino.com\/en\/wp-json\/wp\/v2\/pages\/11010\/revisions\/12724"}],"wp:attachment":[{"href":"https:\/\/www.atelierdevino.com\/en\/wp-json\/wp\/v2\/media?parent=11010"}],"curies":[{"name":"wp","href":"https:\/\/api.w.org\/{rel}","templated":true}]}}